{"id":3992,"date":"2020-10-05T14:09:31","date_gmt":"2020-10-05T13:09:31","guid":{"rendered":"http:\/\/www.prooptic-idm.com\/wiki\/wiki15\/?page_id=3992"},"modified":"2020-10-05T14:09:31","modified_gmt":"2020-10-05T13:09:31","slug":"saisie-des-mesures-et-commande-edi","status":"publish","type":"page","link":"https:\/\/prooptic.axess.fr\/?page_id=3992","title":{"rendered":"Saisie des mesures et commandes EDI"},"content":{"rendered":"<h2>I. Mesures<\/h2>\n<p>Les diff\u00e9rentes mesures compl\u00e9mentaires (pour les pr\u00e9-calibrages par exemple) peuvent \u00eatre saisies en cliquant sur le&nbsp;<strong><em>bouton Mesures<\/em><\/strong>&nbsp;:<\/p>\n<p><img decoding=\"async\" loading=\"lazy\" src=\"http:\/\/prooptic.axess.fr\/wp-content\/uploads\/2020\/10\/Bouton-mesures.png\" alt=\"\" width=\"943\" height=\"712\"><\/p>\n<p>La nouvelle fen\u00eatre permet ensuite de saisir&nbsp;les&nbsp;<strong><em>informations sur les \u00e9carts pupillaires, les hauteurs, les cotes du pr\u00e9calibrage ou des verres personnalis\u00e9s (la distance verre \u0153il, l\u2019angle d\u2019inclinaison, l\u2019angle pantoscopique, etc \u2026)<\/em><\/strong><\/p>\n<p><img decoding=\"async\" loading=\"lazy\" src=\"http:\/\/prooptic.axess.fr\/wp-content\/uploads\/2020\/10\/Saisie-mesures.png\" alt=\"\" width=\"843\" height=\"635\"><\/p>\n<p>Une fois les mesures saisies, valider en cliquant sur le&nbsp;<strong><em>bouton correspondant en bas \u00e0 droite<\/em><\/strong>.<\/p>\n<h2>II. Commandes verres et montures en EDI<\/h2>\n<p>Il est possible de g\u00e9n\u00e9rer la commande des verres correspondants \u00e0 la fiche technique en cliquant sur le&nbsp;<strong><em>bouton Commander<\/em><\/strong>&nbsp;:<\/p>\n<p><img decoding=\"async\" loading=\"lazy\" src=\"http:\/\/prooptic.axess.fr\/wp-content\/uploads\/2020\/10\/Bouton-commander.png\" alt=\"\" width=\"262\" height=\"764\"><\/p>\n<p>Le tableau r\u00e9capitulatif de la commande s\u2019affiche alors avec la commande pr\u00eate \u00e0 \u00eatre envoy\u00e9e (si la ligne est verte) ainsi que son&nbsp;<strong><em>type d\u2019envoi possible<\/em><\/strong>&nbsp;(EDI, fax, etc.)&nbsp;:<\/p>\n<p><img decoding=\"async\" loading=\"lazy\" src=\"http:\/\/prooptic.axess.fr\/wp-content\/uploads\/2020\/10\/Envoi-cdes-EDI.png\" alt=\"\" width=\"1016\" height=\"592\"><\/p>\n<p>L\u2019<strong><em>onglet Commande<\/em><\/strong> permettra ainsi de voir les informations principales li\u00e9es \u00e0 la commande des verres et de la monture avec la possibilit\u00e9 de l\u2019\u00e9diter, de l&rsquo;envoyer et la remettre en attente si une modification est n\u00e9cessaire.<\/p>\n<p>Pour plus de d\u00e9tail sur l&rsquo;envoi des commandes EDI, se r\u00e9f\u00e9rer \u00e0 la partie EDI de l&rsquo;aide en ligne.<\/p>\n","protected":false},"excerpt":{"rendered":"<p>I. Mesures Les diff\u00e9rentes mesures compl\u00e9mentaires (pour les pr\u00e9-calibrages par exemple) peuvent \u00eatre saisies en cliquant sur le&nbsp;bouton Mesures&nbsp;: La nouvelle fen\u00eatre permet ensuite de saisir&nbsp;les&nbsp;informations sur les \u00e9carts pupillaires, les hauteurs, les cotes du pr\u00e9calibrage ou des verres personnalis\u00e9s (la distance verre \u0153il, l\u2019angle d\u2019inclinaison, l\u2019angle pantoscopique, etc \u2026) Une fois les mesures saisies, &hellip; <a href=\"https:\/\/prooptic.axess.fr\/?page_id=3992\" class=\"more-link\">Continuer la lecture de <span class=\"screen-reader-text\">Saisie des mesures et commandes EDI<\/span><\/a><\/p>\n","protected":false},"author":1,"featured_media":0,"parent":0,"menu_order":0,"comment_status":"closed","ping_status":"closed","template":"","meta":[],"_links":{"self":[{"href":"https:\/\/prooptic.axess.fr\/index.php?rest_route=\/wp\/v2\/pages\/3992"}],"collection":[{"href":"https:\/\/prooptic.axess.fr\/index.php?rest_route=\/wp\/v2\/pages"}],"about":[{"href":"https:\/\/prooptic.axess.fr\/index.php?rest_route=\/wp\/v2\/types\/page"}],"author":[{"embeddable":true,"href":"https:\/\/prooptic.axess.fr\/index.php?rest_route=\/wp\/v2\/users\/1"}],"replies":[{"embeddable":true,"href":"https:\/\/prooptic.axess.fr\/index.php?rest_route=%2Fwp%2Fv2%2Fcomments&post=3992"}],"version-history":[{"count":0,"href":"https:\/\/prooptic.axess.fr\/index.php?rest_route=\/wp\/v2\/pages\/3992\/revisions"}],"wp:attachment":[{"href":"https:\/\/prooptic.axess.fr\/index.php?rest_route=%2Fwp%2Fv2%2Fmedia&parent=3992"}],"curies":[{"name":"wp","href":"https:\/\/api.w.org\/{rel}","templated":true}]}}