{"id":4017,"date":"2020-11-10T14:36:52","date_gmt":"2020-11-10T13:36:52","guid":{"rendered":"http:\/\/www.prooptic-idm.com\/wiki\/wiki15\/?page_id=4017"},"modified":"2020-11-10T14:36:52","modified_gmt":"2020-11-10T13:36:52","slug":"nouveaux-codes-lpp","status":"publish","type":"page","link":"https:\/\/prooptic.axess.fr\/?page_id=4017","title":{"rendered":"Nouveaux codes LPP"},"content":{"rendered":"<h2>I.\u00a0OBLIGATIONS<\/h2>\n<p>Depuis le 1er juillet 2021, le code individuel fabricant est n\u00e9cessaire au remboursement des montures optiques par l\u2019assurance maladie obligatoire.<\/p>\n<p> <strong>L&rsquo;application des nouveaux codes lpp fabricants verres (et leurs suppl\u00e9ments) sera effective au 1er janvier 2022 (mais utilisable d&rsquo;ores et d\u00e9j\u00e0).<\/strong>\u00a0<\/p>\n<p><strong>Pour tout dossier cr\u00e9\u00e9 avant le 1er janvier 2022, il faudra imp\u00e9rativement rentrer en modification de la fiche technique, cliquer sur Recalculer, v\u00e9rifier que les nouveaux codes LPP soient pris en compte et Enregistrer.<br \/><img decoding=\"async\" loading=\"lazy\" src=\"http:\/\/prooptic.axess.fr\/wp-content\/uploads\/2021\/12\/LPP-VERRE-002-700x422.png\" alt=\"\" width=\"700\" height=\"422\" \/><br \/><\/strong><\/p>\n<p><strong>Faute de codes ou d\u2019association des nouveaux codes lpp, les \u00e9quipements factur\u00e9s ne seront pas rembours\u00e9s.<\/strong><\/p>\n<h2>III. COMMENT CA MARCHE ?<\/h2>\n<h3>1<u>. Association des nouveaux codes lpp<\/u><\/h3>\n<p>Il faut proc\u00e9der \u00e0 l\u2019<strong>association des nouveaux codes LPP<\/strong> <strong>avec votre stock existant.<\/strong><\/p>\n<p>L\u2019acc\u00e8s \u00e0 l&rsquo;association ce fait \u00e0 partir du menu <strong>\u00ab\u00a0<em>Sant\u00e9\u00a0\u00bb\u00a0<\/em><\/strong>puis l&rsquo;ic\u00f4ne <strong>\u00ab\u00a0<em>Codes LPP\u00a0\u00bb<\/em><\/strong>.<img decoding=\"async\" loading=\"lazy\" src=\"http:\/\/prooptic.axess.fr\/wp-content\/uploads\/2021\/06\/Sante-codes-LPP-700x116.png\" alt=\"\" width=\"700\" height=\"116\" \/><\/p>\n<p>Ensuite, il faut cliquer sur le bouton <strong>\u00ab\u00a0Forcer la mise \u00e0 jour des LPP\u00a0\u00bb.<br \/><img decoding=\"async\" loading=\"lazy\" src=\"http:\/\/prooptic.axess.fr\/wp-content\/uploads\/2021\/06\/Forcer-la-MAJ-des-LPP-700x433.png\" alt=\"\" width=\"700\" height=\"433\" \/><br \/><\/strong><\/p>\n<p><strong>Une fois le fichier des codes lpp fabricant t\u00e9l\u00e9charg\u00e9, l&rsquo;affectation de ceux-ci peut se faire par l&rsquo;association avec les distributeurs, les marques ou les verriers edi par les boutons en bas \u00e0 droite <\/strong>:<img decoding=\"async\" loading=\"lazy\" src=\"http:\/\/prooptic.axess.fr\/wp-content\/uploads\/2021\/06\/bouton-association-par-distributeur-marque-edi-700x530.png\" alt=\"\" width=\"700\" height=\"530\" \/><\/p>\n<p><strong>Pour les verres l&rsquo;association se fait par les fournisseurs EDI (catalogues verriers) :<img decoding=\"async\" loading=\"lazy\" src=\"http:\/\/prooptic.axess.fr\/wp-content\/uploads\/2020\/11\/Affectation-fournisseurs-EDI.png\" alt=\"\" width=\"1020\" height=\"772\" \/><\/strong><\/p>\n<p><strong>Une fois vos marques, distributeurs affect\u00e9s avec le nouveau fichier lpp, <\/strong><strong>les diff\u00e9rents codes couleurs signifient :<\/strong><br \/><strong>Rouge : aucun nouveaux code LPP affect\u00e9s ;<\/strong><br \/><strong>Orange : les nouveaux codes ont bien \u00e9t\u00e9 associ\u00e9s mais il peut rester de futurs codes qui ne sont pas encore pr\u00e9sents dans le catalogue de votre fournisseur.<br \/><\/strong><strong>Vert\u00a0: tous les codes ont \u00e9t\u00e9 associ\u00e9s.<\/strong><\/p>\n<h3><u>2. Liste des codes qui ne changerons pas apr\u00e8s la mise en place des lpp fabricants :<\/u><\/h3>\n<p>&lsquo;<strong>2206987<\/strong>&lsquo;, &lsquo;OPTIQUE. prestation d appairage niveau 3&rsquo;<\/p>\n<p>&lsquo;<strong>2209738<\/strong>&lsquo;, &lsquo;OPTIQUE. prestation adaptation verres de classe B&rsquo;<\/p>\n<p>&lsquo;<strong>2221745<\/strong>&lsquo;, &lsquo;OPTIQUE. Suppl\u00e9ment pour monture (de classe B) de lunettes \u00e0 coque. &lt; 6 ans&rsquo;<\/p>\n<p>&lsquo;<strong>2222408<\/strong>&lsquo;, &lsquo;OPTIQUE. filtre chromatique ou ultraviolet. &lt; 18 ans&rsquo;<\/p>\n<p>&lsquo;<strong>2222503<\/strong>&lsquo;, &lsquo;OPTIQUE. prestation d appairage niveau 2&rsquo;<\/p>\n<p>&lsquo;<strong>2226435<\/strong>&lsquo;, &lsquo;OPTIQUE. prestation adaptation verres de classe A&rsquo;<\/p>\n<p>&lsquo;<strong>2232252<\/strong>&lsquo;, &lsquo;OPTIQUE. PRESTATION D APPAIRAGE NIVEAU 1&rsquo;<\/p>\n<p>&lsquo;<strong>2247905<\/strong>&lsquo;, &lsquo;OPTIQUE. prisme incorpor\u00e9 adulte. Quelle que soit la puissance&rsquo;<\/p>\n<p>&lsquo;<strong>2264223<\/strong>&lsquo;, &lsquo;OPTIQUE. suppl\u00e9ment pour monture (de classe A) de lunettes \u00e0 coque. &lt; 6 ans&rsquo;<\/p>\n<p>&lsquo;<strong>2267641<\/strong>&lsquo;, &lsquo;OPTIQUE, SUPPL\u00c9MENT POUR VERRE AVEC FILTRETEINTE&rsquo;<\/p>\n<p>&lsquo;<strong>2287862<\/strong>&lsquo;, &lsquo;OPTIQUE. prisme incorpor\u00e9 enfant. Quelle que soit la puissance&rsquo;<\/p>\n<p>M\u00eame si ces codes sont surlign\u00e9s en rouge, ils fonctionneront bien.<\/p>\n","protected":false},"excerpt":{"rendered":"<p>I.\u00a0OBLIGATIONS Depuis le 1er juillet 2021, le code individuel fabricant est n\u00e9cessaire au remboursement des montures optiques par l\u2019assurance maladie obligatoire. L&rsquo;application des nouveaux codes lpp fabricants verres (et leurs suppl\u00e9ments) sera effective au 1er janvier 2022 (mais utilisable d&rsquo;ores et d\u00e9j\u00e0).\u00a0 Pour tout dossier cr\u00e9\u00e9 avant le 1er janvier 2022, il faudra imp\u00e9rativement rentrer &hellip; <a href=\"https:\/\/prooptic.axess.fr\/?page_id=4017\" class=\"more-link\">Continuer la lecture de <span class=\"screen-reader-text\">Nouveaux codes LPP<\/span><\/a><\/p>\n","protected":false},"author":1,"featured_media":0,"parent":0,"menu_order":0,"comment_status":"closed","ping_status":"closed","template":"","meta":[],"_links":{"self":[{"href":"https:\/\/prooptic.axess.fr\/index.php?rest_route=\/wp\/v2\/pages\/4017"}],"collection":[{"href":"https:\/\/prooptic.axess.fr\/index.php?rest_route=\/wp\/v2\/pages"}],"about":[{"href":"https:\/\/prooptic.axess.fr\/index.php?rest_route=\/wp\/v2\/types\/page"}],"author":[{"embeddable":true,"href":"https:\/\/prooptic.axess.fr\/index.php?rest_route=\/wp\/v2\/users\/1"}],"replies":[{"embeddable":true,"href":"https:\/\/prooptic.axess.fr\/index.php?rest_route=%2Fwp%2Fv2%2Fcomments&post=4017"}],"version-history":[{"count":0,"href":"https:\/\/prooptic.axess.fr\/index.php?rest_route=\/wp\/v2\/pages\/4017\/revisions"}],"wp:attachment":[{"href":"https:\/\/prooptic.axess.fr\/index.php?rest_route=%2Fwp%2Fv2%2Fmedia&parent=4017"}],"curies":[{"name":"wp","href":"https:\/\/api.w.org\/{rel}","templated":true}]}}