{"id":4096,"date":"2021-01-22T10:40:52","date_gmt":"2021-01-22T09:40:52","guid":{"rendered":"http:\/\/www.prooptic-idm.com\/wiki\/wiki15\/?page_id=4096"},"modified":"2021-01-22T10:40:52","modified_gmt":"2021-01-22T09:40:52","slug":"apercu-et-gestion-de-la-feuille-de-soins","status":"publish","type":"page","link":"https:\/\/prooptic.axess.fr\/?page_id=4096","title":{"rendered":"Aper\u00e7u et gestion de la feuille de soins"},"content":{"rendered":"<h2>I. PARAMETRAGE<\/h2>\n<p>Cette nouveaut\u00e9 de l&rsquo;aper\u00e7u de la feuille de soin est disponible <strong>\u00e0 partir de la version technique 15.1.4.17<\/strong>.<\/p>\n<p>Pour avoir l&rsquo;acc\u00e8s \u00e0 l&rsquo;affichage de la feuille de soin d\u00e9mat\u00e9rialis\u00e9e, il faut aller cocher dans le menu <em><strong>\u00ab\u00a0Clients\u00a0\u00bb<\/strong><\/em> puis <em><strong>\u00ab\u00a0G\u00e9n\u00e9raux\u00a0\u00bb<\/strong><\/em>, <em><strong>\u00ab\u00a0Imprimer les feuilles de soins sur le fond Pdf\u00a0\u00bb<\/strong><\/em> :\u00a0<br \/><img decoding=\"async\" loading=\"lazy\" src=\"http:\/\/prooptic.axess.fr\/wp-content\/uploads\/2021\/01\/1-Parametrage-4-700x231.jpg\" alt=\"\" width=\"700\" height=\"231\" \/><\/p>\n<h2>II. APERCU DE LA FEUILLE DE SOIN<\/h2>\n<p>Lorsque vous lancer la facturation d&rsquo;un dossier client (fen\u00eatre orange) :<br \/><img decoding=\"async\" loading=\"lazy\" src=\"http:\/\/prooptic.axess.fr\/wp-content\/uploads\/2021\/01\/2-Lancement-facture-audio-700x391.png\" alt=\"\" width=\"700\" height=\"391\" \/><\/p>\n<p>La feuille de soin apparait \u00e0 l&rsquo;\u00e9cran :<br \/><img decoding=\"async\" loading=\"lazy\" src=\"http:\/\/prooptic.axess.fr\/wp-content\/uploads\/2021\/01\/2-APERCU-FDS-GROS-700x526.png\" alt=\"\" width=\"700\" height=\"526\" \/><\/p>\n<p><strong>L&rsquo;affichage de la feuille de soin, vous permet :<\/strong>\u00a0<\/p>\n<p><strong>* de l&rsquo;imprimer,\u00a0<\/strong><br \/><img decoding=\"async\" loading=\"lazy\" src=\"http:\/\/prooptic.axess.fr\/wp-content\/uploads\/2021\/01\/4-Impression-FDS-700x509.png\" alt=\"\" width=\"700\" height=\"509\" \/><\/p>\n<p><strong>* de l&rsquo;envoyer par mail,\u00a0<\/strong><br \/><img decoding=\"async\" loading=\"lazy\" src=\"http:\/\/prooptic.axess.fr\/wp-content\/uploads\/2021\/01\/5-Envoi-FDS-par-mail-700x508.png\" alt=\"\" width=\"700\" height=\"508\" \/><\/p>\n<p><strong>* de la faire signer sur la tablette a votre client, <\/strong><br \/><img decoding=\"async\" loading=\"lazy\" src=\"http:\/\/prooptic.axess.fr\/wp-content\/uploads\/2021\/01\/8-Signer-sur-tablette-700x524.png\" alt=\"\" width=\"700\" height=\"524\" \/><\/p>\n<p><strong>* d&rsquo;indiquer que votre client est dans l&rsquo;impossibilit\u00e9 de la signer.<\/strong><br \/><img decoding=\"async\" loading=\"lazy\" src=\"http:\/\/prooptic.axess.fr\/wp-content\/uploads\/2021\/01\/6-Impossibilite-de-la-signer-700x537.png\" alt=\"\" width=\"700\" height=\"537\" \/><br \/>Lorsque vous cliquer sur Impossibilit\u00e9 de sign\u00e9, cela se coche sur la feuille de soin en bas \u00e0 droite :\u00a0<br \/>\u00a0<img decoding=\"async\" loading=\"lazy\" src=\"http:\/\/prooptic.axess.fr\/wp-content\/uploads\/2021\/01\/Impossibilite-de-signer-coche-en-bas-a-droite.png\" alt=\"\" width=\"449\" height=\"361\" \/><\/p>\n<p>Vous pouvez ensuite cliquer sur Terminer.<\/p>\n<p>Cette feuille de soin sera toujours accessible et pourra \u00eatre sign\u00e9e par votre client, ou indiquer impossibilit\u00e9 de signer plus tard si cela n&rsquo;avait pas \u00e9t\u00e9 fait tout de suite \u00e0 la facturation.<\/p>\n","protected":false},"excerpt":{"rendered":"<p>I. PARAMETRAGE Cette nouveaut\u00e9 de l&rsquo;aper\u00e7u de la feuille de soin est disponible \u00e0 partir de la version technique 15.1.4.17. Pour avoir l&rsquo;acc\u00e8s \u00e0 l&rsquo;affichage de la feuille de soin d\u00e9mat\u00e9rialis\u00e9e, il faut aller cocher dans le menu \u00ab\u00a0Clients\u00a0\u00bb puis \u00ab\u00a0G\u00e9n\u00e9raux\u00a0\u00bb, \u00ab\u00a0Imprimer les feuilles de soins sur le fond Pdf\u00a0\u00bb :\u00a0 II. APERCU DE LA &hellip; <a href=\"https:\/\/prooptic.axess.fr\/?page_id=4096\" class=\"more-link\">Continuer la lecture de <span class=\"screen-reader-text\">Aper\u00e7u et gestion de la feuille de soins<\/span><\/a><\/p>\n","protected":false},"author":1,"featured_media":0,"parent":0,"menu_order":0,"comment_status":"closed","ping_status":"closed","template":"","meta":[],"_links":{"self":[{"href":"https:\/\/prooptic.axess.fr\/index.php?rest_route=\/wp\/v2\/pages\/4096"}],"collection":[{"href":"https:\/\/prooptic.axess.fr\/index.php?rest_route=\/wp\/v2\/pages"}],"about":[{"href":"https:\/\/prooptic.axess.fr\/index.php?rest_route=\/wp\/v2\/types\/page"}],"author":[{"embeddable":true,"href":"https:\/\/prooptic.axess.fr\/index.php?rest_route=\/wp\/v2\/users\/1"}],"replies":[{"embeddable":true,"href":"https:\/\/prooptic.axess.fr\/index.php?rest_route=%2Fwp%2Fv2%2Fcomments&post=4096"}],"version-history":[{"count":0,"href":"https:\/\/prooptic.axess.fr\/index.php?rest_route=\/wp\/v2\/pages\/4096\/revisions"}],"wp:attachment":[{"href":"https:\/\/prooptic.axess.fr\/index.php?rest_route=%2Fwp%2Fv2%2Fmedia&parent=4096"}],"curies":[{"name":"wp","href":"https:\/\/api.w.org\/{rel}","templated":true}]}}