{"id":4336,"date":"2022-01-21T15:34:42","date_gmt":"2022-01-21T14:34:42","guid":{"rendered":"http:\/\/www.prooptic-idm.com\/wiki\/wiki15\/?page_id=4336"},"modified":"2022-01-21T15:34:42","modified_gmt":"2022-01-21T14:34:42","slug":"prestations-dadaptation-et-dappairage","status":"publish","type":"page","link":"https:\/\/prooptic.axess.fr\/?page_id=4336","title":{"rendered":"Prestations d&rsquo;adaptation et d&rsquo;appairage"},"content":{"rendered":"<h2>I. Prestation d&rsquo;appairage :<\/h2>\n<p><strong>La prestation d&rsquo;appairage se cr\u00e9er automatiquement sur les verres de l&rsquo;offre 100 % sant\u00e9.<\/strong><\/p>\n<p><strong>Cette prestation se cr\u00e9er automatiquement en fonction des verres de classe A choisis et ne peux \u00eatre supprim\u00e9e.<br \/><img decoding=\"async\" loading=\"lazy\" src=\"http:\/\/prooptic.axess.fr\/wp-content\/uploads\/2022\/01\/Securite-sociale-mutuelle-prestation-dappairage-700x341.png\" alt=\"\" width=\"700\" height=\"341\" \/><br \/><\/strong><\/p>\n<p><strong>Pour les \u00e9quipements de classe B, le bouton pour ajouter la prestation d&rsquo;appairage<\/strong> si on le souhaite est disponible en bas \u00e0 droite de l&rsquo;onglet <em>\u00ab\u00a0S\u00e9curit\u00e9 Sociale \/ Mutuelles\u00a0\u00bb<\/em> de l&rsquo;\u00e9quipement saisi.<\/p>\n<p>Il existe <strong>3 niveaux d&rsquo;appairage<\/strong> en fonction des indices de r\u00e9fraction des verres de classe A :<br \/><img decoding=\"async\" loading=\"lazy\" src=\"http:\/\/prooptic.axess.fr\/wp-content\/uploads\/2022\/01\/Tableau-niveaux-appairage-3-700x310.png\" alt=\"\" width=\"700\" height=\"310\" \/><\/p>\n<h2>II. Prestation d&rsquo;adaptation :<\/h2>\n<p>La prestation d&rsquo;adaptation peut \u00eatre ajout\u00e9e par l&rsquo;opticien sur un dossier de classe B et se met d&rsquo;elle m\u00eame sur un dossier de classe A lorsque l&rsquo;on indique un renouvellement avec adaptation sur l&rsquo;ordonnance.\u00a0<\/p>\n<p><img decoding=\"async\" loading=\"lazy\" src=\"http:\/\/prooptic.axess.fr\/wp-content\/uploads\/2022\/01\/ordo-renouvellement-avec-adaptation.png\" alt=\"\" width=\"687\" height=\"482\" \/><\/p>\n<p>Sur un \u00e9quipement de classe A, la prestation d&rsquo;adaptation se cr\u00e9er automatiquement en fonction des verres et ne peux \u00eatre supprim\u00e9e.<strong><br \/><\/strong><br \/>Le bouton pour ajouter la prestation d&rsquo;adaptation\u00a0 sur un dossier de classe B est lui disponible en bas \u00e0 droite dans l&rsquo;onglet <em>\u00ab\u00a0S\u00e9curit\u00e9 Sociale \/ Mutuelle\u00a0\u00bb<\/em> de l&rsquo;\u00e9quipement lunette saisi.<br \/><img decoding=\"async\" loading=\"lazy\" src=\"http:\/\/prooptic.axess.fr\/wp-content\/uploads\/2022\/01\/bouton-prestation-dadaptation-700x507.png\" alt=\"\" width=\"700\" height=\"507\" \/><\/p>\n<p>Elle s&rsquo;ajoutera alors avec le code LPP et le tarif lui correspondant :<br \/><img decoding=\"async\" loading=\"lazy\" src=\"http:\/\/prooptic.axess.fr\/wp-content\/uploads\/2022\/01\/ajout-prestation-adaptation-700x511.png\" alt=\"\" width=\"700\" height=\"511\" \/><\/p>\n<p>Si finalement, on souhaite l&rsquo;enlever cela se passe dans l&rsquo;onglet <em>\u00ab\u00a0Divers\u00a0\u00bb<\/em> du dossier :\u00a0<br \/><img decoding=\"async\" loading=\"lazy\" src=\"http:\/\/prooptic.axess.fr\/wp-content\/uploads\/2022\/01\/suppression-adaptation-700x510.png\" alt=\"\" width=\"700\" height=\"510\" \/><\/p>\n<p>\u00a0<\/p>\n","protected":false},"excerpt":{"rendered":"<p>I. Prestation d&rsquo;appairage : La prestation d&rsquo;appairage se cr\u00e9er automatiquement sur les verres de l&rsquo;offre 100 % sant\u00e9. Cette prestation se cr\u00e9er automatiquement en fonction des verres de classe A choisis et ne peux \u00eatre supprim\u00e9e. Pour les \u00e9quipements de classe B, le bouton pour ajouter la prestation d&rsquo;appairage si on le souhaite est disponible &hellip; <a href=\"https:\/\/prooptic.axess.fr\/?page_id=4336\" class=\"more-link\">Continuer la lecture de <span class=\"screen-reader-text\">Prestations d&rsquo;adaptation et d&rsquo;appairage<\/span><\/a><\/p>\n","protected":false},"author":1,"featured_media":0,"parent":0,"menu_order":0,"comment_status":"closed","ping_status":"closed","template":"","meta":[],"_links":{"self":[{"href":"https:\/\/prooptic.axess.fr\/index.php?rest_route=\/wp\/v2\/pages\/4336"}],"collection":[{"href":"https:\/\/prooptic.axess.fr\/index.php?rest_route=\/wp\/v2\/pages"}],"about":[{"href":"https:\/\/prooptic.axess.fr\/index.php?rest_route=\/wp\/v2\/types\/page"}],"author":[{"embeddable":true,"href":"https:\/\/prooptic.axess.fr\/index.php?rest_route=\/wp\/v2\/users\/1"}],"replies":[{"embeddable":true,"href":"https:\/\/prooptic.axess.fr\/index.php?rest_route=%2Fwp%2Fv2%2Fcomments&post=4336"}],"version-history":[{"count":0,"href":"https:\/\/prooptic.axess.fr\/index.php?rest_route=\/wp\/v2\/pages\/4336\/revisions"}],"wp:attachment":[{"href":"https:\/\/prooptic.axess.fr\/index.php?rest_route=%2Fwp%2Fv2%2Fmedia&parent=4336"}],"curies":[{"name":"wp","href":"https:\/\/api.w.org\/{rel}","templated":true}]}}