{"id":4530,"date":"2015-04-16T15:36:09","date_gmt":"2015-04-16T14:36:09","guid":{"rendered":"http:\/\/localhost\/wordpress\/?page_id=18"},"modified":"2023-07-31T11:51:21","modified_gmt":"2023-07-31T09:51:21","slug":"creer-un-devis-lentilles","status":"publish","type":"page","link":"https:\/\/prooptic.axess.fr\/?page_id=4530","title":{"rendered":"Cr\u00e9er un devis lentilles"},"content":{"rendered":"<p style=\"text-align: justify;\">\n<h2>I. Devis simple<\/h2>\n<p>______________________________________________________________________________________________________________________________________________<\/p>\n<p>Une fois les coordonn\u00e9es du client compl\u00e9t\u00e9es, et la fiche identit\u00e9 enregistr\u00e9e, l\u2019acc\u00e8s \u00e0 l\u2019\u00e9cran concernant les visites \u00ab Lentilles\u00bb se fait en cliquant sur l&rsquo;<strong><em>onglet Lentilles<\/em><\/strong>\u00a0:<\/p>\n<p><center><img decoding=\"async\" loading=\"lazy\" src=\"http:\/\/prooptic.axess.fr\/wp-content\/uploads\/2018\/05\/onglet-lentille-vide-1030x778.png\" alt=\"\" width=\"734\" height=\"554\" \/><\/center><br \/>\nSi le fichier ne contient pas encore de visite, il faut en cr\u00e9er une \u00e0 partir du <strong><em>bouton Nouvelle Ordonnance<\/em><\/strong>\u00a0:<\/p>\n<p><center><img decoding=\"async\" loading=\"lazy\" src=\"http:\/\/prooptic.axess.fr\/wp-content\/uploads\/2018\/05\/fleche-rouge-nouvelle-ordo-1030x778.png\" alt=\"\" width=\"734\" height=\"554\" \/><\/center><\/p>\n<h3>a. Saisie de la prescription<\/h3>\n<p>__________________________________________________________________________<\/p>\n<p>La saisie commence par le <strong><em>nom de l&rsquo;ophtalmologue<\/em><\/strong> et la <strong><em>date de prescription<\/em><\/strong>. Les m\u00e9decins saisis sont r\u00e9pertori\u00e9s dans un fichier \u00e0 part. Pour y acc\u00e9der, cliquer sur le <strong><em>bouton avec les pointill\u00e9s \u00e0 droite du champ M\u00e9decin<\/em><\/strong>\u00a0:<\/p>\n<p><center><img decoding=\"async\" loading=\"lazy\" src=\"http:\/\/prooptic.axess.fr\/wp-content\/uploads\/2018\/05\/fleche-rouge-choix-medecin.png\" alt=\"\" width=\"788\" height=\"489\" \/><\/center><br \/>\nIl est possible \u00e0 ce niveau de compl\u00e9ter la fiche du prescripteur avec diff\u00e9rentes donn\u00e9es le concernant (num\u00e9ro d\u2019identifiant, adresse, domaine d\u2019activit\u00e9, etc.) en s\u00e9lectionnant le <strong><em>bouton Modifier<\/em><\/strong>. Sinon, s\u00e9lectionner la ligne correspondante au m\u00e9decin puis valider en cliquant sur <strong><em>Cette fiche<\/em><\/strong>\u00a0:<\/p>\n<p><center><img decoding=\"async\" loading=\"lazy\" src=\"http:\/\/prooptic.axess.fr\/wp-content\/uploads\/2018\/05\/fleche-rouge-cette-fiche-medecin-1030x778.png\" alt=\"\" width=\"734\" height=\"554\" \/><\/center><br \/>\nCompl\u00e9ter ensuite les donn\u00e9es pour les deux yeux\u00a0: sph\u00e8re, cylindre, axe, addition, prisme. Aucun champ n\u2019est obligatoire, ne compl\u00e9ter que ce qui est n\u00e9cessaire.<br \/>\n<strong><em>I<\/em><\/strong>: la recopie de l\u2019\u0153il droit vers l\u2019\u0153il gauche est possible en cliquant sur <img decoding=\"async\" loading=\"lazy\" src=\"http:\/\/www.prooptic-idm.com\/wiki\/wp-content\/uploads\/sites\/3\/2015\/04\/double-fleche-bleue1.png\" alt=\"double-fleche-bleue\" width=\"18\" height=\"24\" \/><\/p>\n<p><center><img decoding=\"async\" loading=\"lazy\" src=\"http:\/\/prooptic.axess.fr\/wp-content\/uploads\/2018\/05\/saisie-ordonnance.png\" alt=\"\" width=\"761\" height=\"472\" \/><\/center>Une fois la prescription correctement remplit, cliquer sur le <em><strong>bouton Suivant<\/strong><\/em> et le logiciel vous propose de scanner l\u2019ordonnance ou de l&rsquo;importer depuis un fichier au format PDF :<\/p>\n<h3><img decoding=\"async\" loading=\"lazy\" class=\"size-medium wp-image-4744 aligncenter\" src=\"https:\/\/prooptic.axess.fr\/wp-content\/uploads\/2023\/07\/choix-numerisation-246x300.jpg\" alt=\"\" width=\"246\" height=\"300\" srcset=\"https:\/\/prooptic.axess.fr\/wp-content\/uploads\/2023\/07\/choix-numerisation-246x300.jpg 246w, https:\/\/prooptic.axess.fr\/wp-content\/uploads\/2023\/07\/choix-numerisation.jpg 291w\" sizes=\"(max-width: 246px) 100vw, 246px\" \/><\/h3>\n<p>Apr\u00e8s avoir s\u00e9lectionner votre scanner, vous pouvez num\u00e9riser votre ordonnance en cliquant sur le bouton <strong>Scanner SCOR<\/strong> :<\/p>\n<h3><img decoding=\"async\" loading=\"lazy\" src=\"http:\/\/prooptic.axess.fr\/wp-content\/uploads\/2018\/05\/fenetre-scan-ordonnance-1030x778.png\" alt=\"\" width=\"639\" height=\"482\" \/><\/h3>\n<h3>b.\u00a0Affichage de la partie ordonnance<\/h3>\n<p>__________________________________________________________________________<\/p>\n<p>La fen\u00eatre suivante affiche plusieurs informations\u00a0:<\/p>\n<p><center><img decoding=\"async\" loading=\"lazy\" src=\"http:\/\/prooptic.axess.fr\/wp-content\/uploads\/2018\/05\/ordo-encadre-rouge-1030x778.png\" alt=\"\" width=\"734\" height=\"554\" \/><\/center><\/p>\n<ul>\n<li>la partie centrale affiche un r\u00e9sum\u00e9 de l&rsquo;ordonnance saisie auparavant<\/li>\n<li>la ligne bleue dans la partie gauche permet d&rsquo;acc\u00e9der au r\u00e9sum\u00e9 de l&rsquo;ordonnance<\/li>\n<\/ul>\n<h3>c. Saisie de la fiche lentilles<\/h3>\n<p>__________________________________________________________________________<\/p>\n<p>Pour cr\u00e9er une visite lentille, cliquer sur le <strong><em>bouton Nouvelle Fiche<\/em><\/strong>\u00a0:<\/p>\n<p><center><img decoding=\"async\" loading=\"lazy\" src=\"http:\/\/prooptic.axess.fr\/wp-content\/uploads\/2018\/05\/btn-nouvelle-fiche-lentilles-1030x778.png\" alt=\"\" width=\"734\" height=\"554\" \/><\/center><br \/>\nLa fen\u00eatre suivante affiche plusieurs informations\u00a0:<\/p>\n<p><center><img decoding=\"async\" loading=\"lazy\" src=\"http:\/\/prooptic.axess.fr\/wp-content\/uploads\/2018\/05\/fleche-rouge-clic-nouvelle-fiche-1030x778.png\" alt=\"\" width=\"734\" height=\"554\" \/><\/center><\/p>\n<ul>\n<li>1 =&gt; le bloc 1 affiche un r\u00e9sum\u00e9 de l&rsquo;ordonnance saisie auparavant avec la possibilit\u00e9 de scanner l&rsquo;ordonnance<\/li>\n<li>2 =&gt; le bloc 2 permet de pr\u00e9ciser l&rsquo;acuit\u00e9 et d&rsquo;aller s\u00e9lectionner les lentilles n\u00e9cessaires<\/li>\n<li>Le dernier bloc permet d&rsquo;ajouter des commentaires sur la fiche lentille\n<ul>\n<li>pour r\u00e9cup\u00e9rer un type de lentille, s\u00e9lectionner dans un premier temps le fournisseur. Cliquer ensuite sur le bouton en pointill\u00e9s pour afficher la liste des types de lentilles.<\/li>\n<\/ul>\n<\/li>\n<\/ul>\n<p><center><img decoding=\"async\" loading=\"lazy\" src=\"http:\/\/prooptic.axess.fr\/wp-content\/uploads\/2018\/05\/fleche-rouge-choix-lentillespng.png\" alt=\"\" width=\"850\" height=\"274\" \/><\/center><br \/>\nLa liste appara\u00eet alors\u00a0:<img decoding=\"async\" loading=\"lazy\" src=\"http:\/\/prooptic.axess.fr\/wp-content\/uploads\/2018\/05\/liste-des-lentilles.png\" alt=\"\" width=\"841\" height=\"320\" \/><\/p>\n<p><strong><em>Note\u00a0<\/em><\/strong>: il est possible d&rsquo;affiner la recherche en s\u00e9lectionnant le mat\u00e9riau, le mode de port et la fr\u00e9quence. Cliquer ensuite sur Afficher les lentilles.<\/p>\n<p>Cliquer ensuite sur le <strong><em>bouton D<\/em><\/strong> (\u0153il droit) ou <strong><em>G<\/em><\/strong> (\u0153il gauche) ou <strong><em>DG<\/em><\/strong> (les deux) sur la ligne correspondante au type de lentille d\u00e9sir\u00e9. En cliquant sur un bouton, cela re- basculera automatiquement sur la fiche lentille :<\/p>\n<p><center><img decoding=\"async\" loading=\"lazy\" src=\"http:\/\/prooptic.axess.fr\/wp-content\/uploads\/2018\/05\/lentilles-rapatriees.png\" alt=\"\" width=\"857\" height=\"268\" \/><\/center>Il est \u00e9galement possible cliquer sur <img decoding=\"async\" loading=\"lazy\" src=\"http:\/\/www.prooptic-idm.com\/wiki\/wp-content\/uploads\/sites\/3\/2015\/04\/fleche-recopie-bas1.png\" alt=\"fleche-recopie-bas\" width=\"32\" height=\"33\" \/>\u00a0pour permettre de recopier l\u2019\u0153il droit vers l\u2019\u0153il gauche (et vice-versa).<\/p>\n<p>Valider la fiche en cliquant sur Enregistrer.<\/p>\n<p><img decoding=\"async\" loading=\"lazy\" src=\"http:\/\/prooptic.axess.fr\/wp-content\/uploads\/2018\/05\/enregistrer-en-tant-que.png\" alt=\"\" width=\"248\" height=\"189\" \/><\/p>\n<p>Ensuite, s\u00e9lectionner Enregistrer en tant que<strong><em> Devis.<\/em><\/strong><\/p>\n<h2>II.\u00a0Pr\u00e9sentation globale<\/h2>\n<p>____________________________________________________________________________________________________________________________________________________<\/p>\n<p>Dans le cas d&rsquo;un devis, la fiche visite appara\u00eet et la date vient s&rsquo;inscrire dans la liste pr\u00e9vue \u00e0 cet effet\u00a0:<\/p>\n<p><center><img decoding=\"async\" loading=\"lazy\" src=\"http:\/\/prooptic.axess.fr\/wp-content\/uploads\/2018\/05\/fleche-rouge-date-devis--1030x778.png\" alt=\"\" width=\"734\" height=\"554\" \/><\/center><\/p>\n<p>Chaque visite fait l&rsquo;objet d&rsquo;une fiche d\u00e9taill\u00e9e. Le nombre de fiches n&rsquo;est pas limit\u00e9. Les fiches sont tri\u00e9es par date de visite, la date de la derni\u00e8re visite \u00e9tant reprise en premier dans la liste.<\/p>\n<h2>III. Impression d&rsquo;un devis simple<\/h2>\n<p>____________________________________________________________________________________________________________________________________________________<\/p>\n<p>La demande d\u2019impression se fait en cliquant sur le <strong><em>bouton Devis<\/em><\/strong>:<\/p>\n<p><center><img decoding=\"async\" loading=\"lazy\" src=\"http:\/\/prooptic.axess.fr\/wp-content\/uploads\/2018\/05\/fleche-rouge-imprimer-devis-1030x778.png\" alt=\"\" width=\"734\" height=\"554\" \/><\/center>A partir de cet \u00e9cran, il est possible de faire un aper\u00e7u avant impression, d&rsquo;imprimer les conditions de ventes, ou d&rsquo;envoyer le devis par e-mail \u00e0 la mutuelle (si celle-ci accepte). <strong><em>Cocher la ou les cases des options souhait\u00e9es<\/em><\/strong>.<\/p>\n<p><center><img decoding=\"async\" loading=\"lazy\" src=\"http:\/\/prooptic.axess.fr\/wp-content\/uploads\/2018\/05\/fenetre-imprimer.png\" alt=\"\" width=\"298\" height=\"781\" \/><\/center><\/p>\n<p>Cliquer sur le <strong><em>bouton Suivant<\/em> <\/strong>pour lancer, selon le choix effectu\u00e9, un aper\u00e7u avant impression ou une impression directe.<\/p>\n<h2>IV. Cr\u00e9ation d&rsquo;un devis suppl\u00e9mentaire pour une m\u00eame visite<\/h2>\n<p>____________________________________________________________________________________________________________________________________________________<\/p>\n<p>Il est possible d&rsquo;ajouter un devis pour un m\u00eame passage. Pour cela, il suffit de cliquer sur <strong><em>Nouvelle Fiche<\/em><\/strong> \u00e0 partir de la fiche ordonnance.<\/p>\n<p>Une nouvelle fen\u00eatre va alors s&rsquo;afficher permettant de rentrer les informations n\u00e9cessaires pour une proposition suppl\u00e9mentaire.<\/p>\n<p>Une fois le formulaire valid\u00e9, un devis suppl\u00e9mentaire est alors cr\u00e9\u00e9 et vient se greffer au-dessus du pr\u00e9c\u00e9dent\u00a0:<\/p>\n<p><center><img decoding=\"async\" loading=\"lazy\" src=\"http:\/\/prooptic.axess.fr\/wp-content\/uploads\/2018\/05\/fleche-rouge-deuxieme-devis-1030x778.png\" alt=\"\" width=\"734\" height=\"554\" \/><\/center><\/p>\n<h2>V. Informations compl\u00e9mentaires<\/h2>\n<p>____________________________________________________________________________________________________________________________________________________<\/p>\n<p>Il y a la possibilit\u00e9 de rajouter des commentaires concernant le devis en s\u00e9lectionnant l&rsquo;<strong><em>onglet Commentaires<\/em><\/strong>\u00a0:<\/p>\n<p><center><img decoding=\"async\" loading=\"lazy\" src=\"http:\/\/prooptic.axess.fr\/wp-content\/uploads\/2018\/05\/onglet-commentaire-1030x778.png\" alt=\"\" width=\"734\" height=\"554\" \/><\/center><\/p>\n<p>Des documents peuvent \u00eatre \u00e9galement ajout\u00e9s \u00e0 la visite en s\u00e9lectionnant l&rsquo;<strong><em>onglet Documents<\/em><\/strong> puis en cliquant sur le <strong><em>bouton Ajouter<\/em><\/strong>. Une fen\u00eatre s&rsquo;ouvre permettant alors de s\u00e9lectionner le type de document \u00e0 ajouter\u00a0:<\/p>\n<p><center><img decoding=\"async\" loading=\"lazy\" src=\"http:\/\/www.prooptic-idm.com\/wiki\/wp-content\/uploads\/sites\/3\/2015\/04\/type-doc-devis.png\" alt=\"type-doc-devis\" width=\"400\" height=\"423\" \/><\/center><\/p>\n<h2>VI. Transfert en fiche technique<\/h2>\n<p>____________________________________________________________________________________________________________________________________________________<\/p>\n<p style=\"text-align: justify;\"><span style=\"font-size: 12pt;\">D\u00e8s lors que le devis est valid\u00e9, il faut ensuite le <em><strong>transf\u00e9rer en fiche technique<\/strong><\/em> gr\u00e2ce au bouton correspondant\u00a0:<br \/>\n<img decoding=\"async\" loading=\"lazy\" class=\"alignnone size-medium wp-image-4524\" src=\"http:\/\/www.prooptic-idm.com\/wiki\/wiki15\/wp-content\/uploads\/sites\/3\/2023\/05\/Bouton-transfert-en-FT-700x498.jpg\" alt=\"\" width=\"700\" height=\"498\" \/><br \/>\n<\/span><\/p>\n<p><em><strong>Une nouvelle ligne \u00ab\u00a0Fiche\u00a0\u00bb<\/strong><\/em> apparait alors :<br \/>\n<img decoding=\"async\" loading=\"lazy\" class=\"alignnone size-medium wp-image-4530\" src=\"http:\/\/www.prooptic-idm.com\/wiki\/wiki15\/wp-content\/uploads\/sites\/3\/2023\/05\/Bouton-Fiche-Technique-700x499.jpg\" alt=\"\" width=\"700\" height=\"499\" \/><\/p>\n<p><em><strong>Le bouton \u00ab\u00a0Fiche technique<\/strong><\/em>\u00a0\u00bb en bas de page vous permet lui d&rsquo;imprimer celle- ci avec diff\u00e9rents choix \u00e0 cocher :<br \/>\n<img decoding=\"async\" loading=\"lazy\" class=\"alignnone size-full wp-image-4532\" src=\"http:\/\/www.prooptic-idm.com\/wiki\/wiki15\/wp-content\/uploads\/sites\/3\/2023\/05\/Choix-dimpression-de-la-FT.jpg\" alt=\"\" width=\"367\" height=\"264\" \/><\/p>\n","protected":false},"excerpt":{"rendered":"<p>I. Devis simple ______________________________________________________________________________________________________________________________________________ Une fois les coordonn\u00e9es du client compl\u00e9t\u00e9es, et la fiche identit\u00e9 enregistr\u00e9e, l\u2019acc\u00e8s \u00e0 l\u2019\u00e9cran concernant les visites \u00ab Lentilles\u00bb se fait en cliquant sur l&rsquo;onglet Lentilles\u00a0: Si le fichier ne contient pas encore de visite, il faut en cr\u00e9er une \u00e0 partir du bouton Nouvelle Ordonnance\u00a0: a. Saisie de la &hellip; <a href=\"https:\/\/prooptic.axess.fr\/?page_id=4530\" class=\"more-link\">Continuer la lecture de <span class=\"screen-reader-text\">Cr\u00e9er un devis lentilles<\/span><\/a><\/p>\n","protected":false},"author":1,"featured_media":0,"parent":4529,"menu_order":0,"comment_status":"closed","ping_status":"open","template":"","meta":[],"_links":{"self":[{"href":"https:\/\/prooptic.axess.fr\/index.php?rest_route=\/wp\/v2\/pages\/4530"}],"collection":[{"href":"https:\/\/prooptic.axess.fr\/index.php?rest_route=\/wp\/v2\/pages"}],"about":[{"href":"https:\/\/prooptic.axess.fr\/index.php?rest_route=\/wp\/v2\/types\/page"}],"author":[{"embeddable":true,"href":"https:\/\/prooptic.axess.fr\/index.php?rest_route=\/wp\/v2\/users\/1"}],"replies":[{"embeddable":true,"href":"https:\/\/prooptic.axess.fr\/index.php?rest_route=%2Fwp%2Fv2%2Fcomments&post=4530"}],"version-history":[{"count":6,"href":"https:\/\/prooptic.axess.fr\/index.php?rest_route=\/wp\/v2\/pages\/4530\/revisions"}],"predecessor-version":[{"id":4755,"href":"https:\/\/prooptic.axess.fr\/index.php?rest_route=\/wp\/v2\/pages\/4530\/revisions\/4755"}],"up":[{"embeddable":true,"href":"https:\/\/prooptic.axess.fr\/index.php?rest_route=\/wp\/v2\/pages\/4529"}],"wp:attachment":[{"href":"https:\/\/prooptic.axess.fr\/index.php?rest_route=%2Fwp%2Fv2%2Fmedia&parent=4530"}],"curies":[{"name":"wp","href":"https:\/\/api.w.org\/{rel}","templated":true}]}}