{"id":4532,"date":"2015-04-16T16:47:55","date_gmt":"2015-04-16T15:47:55","guid":{"rendered":"http:\/\/localhost\/wordpress\/?page_id=24"},"modified":"2023-05-15T11:46:11","modified_gmt":"2023-05-15T09:46:11","slug":"creer-fiche-lunettes","status":"publish","type":"page","link":"https:\/\/prooptic.axess.fr\/?page_id=4532","title":{"rendered":"G\u00e9n\u00e9ration de la fiche technique"},"content":{"rendered":"<h2>I. Le choix client :<\/h2>\n<p>D\u00e8s lors que le devis normalis\u00e9 est cr\u00e9\u00e9, il faut passer par l\u2019impression pour pouvoir le<strong> transf\u00e9rer en fiche technique via le bouton \u00ab\u00a0Gestion des devis\u00a0\u00bb<\/strong>\u00a0:<\/p>\n<p><img decoding=\"async\" loading=\"lazy\" src=\"http:\/\/prooptic.axess.fr\/wp-content\/uploads\/2020\/10\/2-Gestion-des-devis-1.png\" alt=\"\" width=\"1008\" height=\"671\" \/><\/p>\n<p>Lorsque vous cliquez sur \u00ab\u00a0<em><strong>Gestion des devis<\/strong><\/em>\u00a0\u00bb la fen\u00eatre de choix d\u2019impression s\u2019affiche :<\/p>\n<p><img decoding=\"async\" loading=\"lazy\" src=\"http:\/\/prooptic.axess.fr\/wp-content\/uploads\/2020\/10\/3-Quel-type-de-devis-voulez-vous-1.png\" alt=\"\" width=\"371\" height=\"275\" \/><\/p>\n<p><strong>Le transfert du devis en fiche technique est uniquement possible en passant par le choix du \u00ab\u00a0devis normalis\u00e9\u00a0\u00bb<\/strong>. Le devis non normalis\u00e9 et l&rsquo;offre de prix comparative ne sont que des \u00e9ditions en suppl\u00e9ment du devis normalis\u00e9.<\/p>\n<p>Vous pouvez donc choisir \u00ab\u00a0<em><strong> Le devis normalis\u00e9\u00a0\u00bb<\/strong><\/em>, et la fen\u00eatre suivante vous permet ensuite d&rsquo;indiquer <em><strong>le choix du client :<\/strong><\/em><br \/>\n<em><strong>&#8211; Classe A<\/strong><\/em><br \/>\n<em><strong>&#8211; Classe B<\/strong><\/em><br \/>\n<em><strong>&#8211; Mix de la classe A &amp; B<\/strong><\/em><\/p>\n<p><img decoding=\"async\" loading=\"lazy\" src=\"http:\/\/prooptic.axess.fr\/wp-content\/uploads\/2020\/04\/4-B-coche-par-defaut.png\" alt=\"\" width=\"943\" height=\"708\" \/><\/p>\n<p><strong>L\u2019offre B sera toujours coch\u00e9e par d\u00e9faut mais vous pouvez changer de choix<\/strong>\u00a0:<\/p>\n<ul>\n<li><strong>S\u00e9lectionner toute la classe A<\/strong><\/li>\n<\/ul>\n<p><img decoding=\"async\" loading=\"lazy\" src=\"http:\/\/prooptic.axess.fr\/wp-content\/uploads\/2020\/04\/5-CHOIX-TOUT-A.png\" alt=\"\" width=\"963\" height=\"324\" \/><\/p>\n<ul>\n<li><strong>Ou mixer la classe A et B<\/strong><\/li>\n<\/ul>\n<p><img decoding=\"async\" loading=\"lazy\" src=\"http:\/\/prooptic.axess.fr\/wp-content\/uploads\/2020\/04\/6-MIS-CHOIX-A-B.png\" alt=\"\" width=\"967\" height=\"265\" \/><\/p>\n<p>Il faut donc cocher les cases correspondantes selon le choix du client pour chaque \u00e9l\u00e9ment et appuyer sur\u00a0<strong>Imprimer AVEC le choix du client<\/strong>.<\/p>\n<p><img decoding=\"async\" loading=\"lazy\" src=\"http:\/\/prooptic.axess.fr\/wp-content\/uploads\/2020\/04\/7-IMP-AVEC-CHOIX-FT.png\" alt=\"\" width=\"972\" height=\"718\" \/><\/p>\n<p><img decoding=\"async\" loading=\"lazy\" src=\"http:\/\/prooptic.axess.fr\/wp-content\/uploads\/2020\/10\/bouton-imp-AVEC-le-choix-du-client.png\" alt=\"\" width=\"244\" height=\"50\" \/><\/p>\n<p><strong><span style=\"color: #339966;\">Seul l&rsquo;impression AVEC le choix du client vous permettra de transf\u00e9rer votre \u00e9quipement en fiche technique.<\/span><\/strong><br \/>\n<span style=\"color: #ff0000;\">L&rsquo;impression SANS le choix du client, sert juste \u00e0 l&rsquo;\u00e9dition du devis si le client ne sait pas encore quel \u00e9quipement il souhaite.<\/span><\/p>\n<p>Lorsque vous imprimer avec le choix du client, une fen\u00eatre s&rsquo;affiche proposant\u00a0:<\/p>\n<ul>\n<li>d\u2019<strong>imprimer<\/strong> le devis normalis\u00e9<\/li>\n<li>de <strong>faire signer ce devis <\/strong>(si la signature \u00e9lectronique est activ\u00e9e via la tablette)<\/li>\n<li>de <strong>Validez le choix du client<\/strong><\/li>\n<\/ul>\n<p><img decoding=\"async\" loading=\"lazy\" src=\"http:\/\/prooptic.axess.fr\/wp-content\/uploads\/2020\/10\/9-imprimer-faire-signer-valider-1-1030x149.png\" alt=\"\" width=\"660\" height=\"95\" \/><\/p>\n<p>Lorsque vous validez le choix ou le faite signer \u00e0 votre client via la tablette de signature, le devis se transforme alors en fiche technique.<\/p>\n<p>La fiche technique cr\u00e9\u00e9e vient s\u2019ajouter\u00a0<strong><em>sous l\u2019intitul\u00e9 Fiches<\/em><\/strong>\u00a0:<\/p>\n<p><img decoding=\"async\" loading=\"lazy\" src=\"http:\/\/prooptic.axess.fr\/wp-content\/uploads\/2020\/04\/11-intitulite-fiche.png\" alt=\"\" width=\"737\" height=\"522\" \/><\/p>\n<p>Une fois le dossier transf\u00e9rer en fiche technique, l&rsquo;\u00e9quipement n&rsquo;est plus modifiable. En effet, le devis est consid\u00e9r\u00e9 comme sign\u00e9 par le client et ne doit pas changer.<\/p>\n<p>Si une partie ou l&rsquo;\u00e9quipement devait \u00eatre chang\u00e9, il faut alors supprimer la fiche technique et faire signer un nouveau devis avec les modifications \u00e0 votre client.<\/p>\n<h2>II. Impression de la fiche technique<\/h2>\n<p>L\u2019\u00e9dition de la fiche technique se fait \u00e0 partir du<strong><em>\u00a0bouton Fiche technique<\/em><\/strong>\u00a0(en pensant \u00e0\u00a0<strong><em>s\u00e9lectionner la ligne de la fiche correspondante<\/em>\u00a0<\/strong>au pr\u00e9alable)\u00a0:<\/p>\n<p><img decoding=\"async\" loading=\"lazy\" src=\"http:\/\/prooptic.axess.fr\/wp-content\/uploads\/2020\/04\/25-BOUTON-IMPRESSION-FT.png\" alt=\"\" width=\"243\" height=\"712\" \/><\/p>\n<p>Une fen\u00eatre appara\u00eet proposant de cr\u00e9er un\u00a0<strong><em>aper\u00e7u avant impression<\/em><\/strong>, d\u2019<strong><em>afficher les dus clients<\/em><\/strong>\u00a0sur la fiche technique et d\u2019<strong><em>imprimer la fiche de contr\u00f4le qualit\u00e9<\/em><\/strong>\u00a0(concerne certaines normes)\u00a0:<\/p>\n<p><img decoding=\"async\" loading=\"lazy\" src=\"http:\/\/prooptic.axess.fr\/wp-content\/uploads\/2020\/04\/26-CHOIX-TYPE-DIMPRESSION.png\" alt=\"\" width=\"943\" height=\"670\" \/><\/p>\n<h2>III. Saisie des remboursements<\/h2>\n<p>Dans l\u2019onglet \u00ab\u00a0S\u00e9curit\u00e9 sociale \/ Mutuelle\u00a0\u00bb, on peut :<br \/>\n-visualiser les codes LPP correspondants si besoin,<br \/>\n-recalculer le taux s\u00e9curit\u00e9 sociale,<br \/>\n-saisir les montants rembours\u00e9s par les mutuelles (appliquer le 100% sant\u00e9 si classe A).<\/p>\n<p>Pour saisir les montants mutuelle(s), il faudra cliquer sur le bouton <img decoding=\"async\" loading=\"lazy\" src=\"http:\/\/prooptic.axess.fr\/wp-content\/uploads\/2020\/04\/12-BOUTON-SAISIE-DES-MONTANTS-AMC.png\" alt=\"\" width=\"75\" height=\"35\" \/>\u00a0 en bas au milieu de l\u2019\u00e9cran sur l\u2019onglet \u00ab s\u00e9curit\u00e9 sociale mutuelle \u00bb :<img decoding=\"async\" loading=\"lazy\" style=\"font-size: revert;\" src=\"http:\/\/prooptic.axess.fr\/wp-content\/uploads\/2020\/04\/13-SAISIE-MONTANT-AMC.png\" alt=\"\" width=\"976\" height=\"730\" \/><\/p>\n<p>Et soit rentrer manuellement les montants ou forfait pris en charge par la ou les mutuelles ou faire appliquer l\u2019offre 100 % sant\u00e9 pour les \u00e9l\u00e9ments de classe A.<\/p>\n<p><img decoding=\"async\" loading=\"lazy\" src=\"http:\/\/prooptic.axess.fr\/wp-content\/uploads\/2020\/04\/14-APPLIQUER-LOFFRE-100.png\" alt=\"\" width=\"943\" height=\"572\" \/><\/p>\n<p>Si vous avez mix\u00e9 la classe A avec la classe B, par exemple monture de classe B avec des verres de classe A, vous pourrez faire \u00ab\u00a0Appliquez l\u2019offre 100% sant\u00e9\u00a0\u00bb juste sur les verres et remplir manuellement si il y a une prise en charge de la mutuelle sur la monture.<\/p>\n<p><strong>Attention, le contrat de la mutuelle du client doit \u00eatre dit \u00ab\u00a0responsable\u00a0\u00bb pour que la prise en charge du 100% sant\u00e9 fonctionne.<\/strong><\/p>\n","protected":false},"excerpt":{"rendered":"<p>I. Le choix client : D\u00e8s lors que le devis normalis\u00e9 est cr\u00e9\u00e9, il faut passer par l\u2019impression pour pouvoir le transf\u00e9rer en fiche technique via le bouton \u00ab\u00a0Gestion des devis\u00a0\u00bb\u00a0: Lorsque vous cliquez sur \u00ab\u00a0Gestion des devis\u00a0\u00bb la fen\u00eatre de choix d\u2019impression s\u2019affiche : Le transfert du devis en fiche technique est uniquement possible &hellip; <a href=\"https:\/\/prooptic.axess.fr\/?page_id=4532\" class=\"more-link\">Continuer la lecture de <span class=\"screen-reader-text\">G\u00e9n\u00e9ration de la fiche technique<\/span><\/a><\/p>\n","protected":false},"author":1,"featured_media":0,"parent":4531,"menu_order":0,"comment_status":"closed","ping_status":"open","template":"","meta":[],"_links":{"self":[{"href":"https:\/\/prooptic.axess.fr\/index.php?rest_route=\/wp\/v2\/pages\/4532"}],"collection":[{"href":"https:\/\/prooptic.axess.fr\/index.php?rest_route=\/wp\/v2\/pages"}],"about":[{"href":"https:\/\/prooptic.axess.fr\/index.php?rest_route=\/wp\/v2\/types\/page"}],"author":[{"embeddable":true,"href":"https:\/\/prooptic.axess.fr\/index.php?rest_route=\/wp\/v2\/users\/1"}],"replies":[{"embeddable":true,"href":"https:\/\/prooptic.axess.fr\/index.php?rest_route=%2Fwp%2Fv2%2Fcomments&post=4532"}],"version-history":[{"count":5,"href":"https:\/\/prooptic.axess.fr\/index.php?rest_route=\/wp\/v2\/pages\/4532\/revisions"}],"predecessor-version":[{"id":4678,"href":"https:\/\/prooptic.axess.fr\/index.php?rest_route=\/wp\/v2\/pages\/4532\/revisions\/4678"}],"up":[{"embeddable":true,"href":"https:\/\/prooptic.axess.fr\/index.php?rest_route=\/wp\/v2\/pages\/4531"}],"wp:attachment":[{"href":"https:\/\/prooptic.axess.fr\/index.php?rest_route=%2Fwp%2Fv2%2Fmedia&parent=4532"}],"curies":[{"name":"wp","href":"https:\/\/api.w.org\/{rel}","templated":true}]}}