{"id":4537,"date":"2015-04-17T13:25:10","date_gmt":"2015-04-17T12:25:10","guid":{"rendered":"http:\/\/localhost\/wordpress\/?page_id=44"},"modified":"2015-04-17T13:25:10","modified_gmt":"2015-04-17T12:25:10","slug":"consulter-un-tarif-verres","status":"publish","type":"page","link":"https:\/\/prooptic.axess.fr\/?page_id=4537","title":{"rendered":"Consulter un tarif verres"},"content":{"rendered":"<p style=\"text-align: justify;\">Pour obtenir la liste des verres d&rsquo;un fournisseur, cliquez sur l&rsquo;onglet <strong>Tarifs<\/strong> puis <strong>Tarif G\u00e9n\u00e9ral<\/strong> pour y acc\u00e9der.<\/p>\n<p style=\"text-align: justify;\"><a href=\"http:\/\/www.prooptic-idm.com\/wiki\/wp-content\/uploads\/sites\/3\/2015\/04\/menu-tarifs-verres.png\"><img decoding=\"async\" loading=\"lazy\" src=\"http:\/\/www.prooptic-idm.com\/wiki\/wp-content\/uploads\/sites\/3\/2015\/04\/menu-tarifs-verres.png\" alt=\"menu-tarifs-verres\" width=\"603\" height=\"118\" \/><\/a><\/p>\n<p style=\"text-align: justify;\">S\u00e9lectionner ensuite un fournisseur pour que la liste des r\u00e9f\u00e9rences de verres apparaisse dans la fen\u00eatre principale :<\/p>\n<p style=\"text-align: justify;\"><a href=\"http:\/\/www.prooptic-idm.com\/wiki\/wp-content\/uploads\/sites\/3\/2015\/04\/liste-verres.png\"><img decoding=\"async\" loading=\"lazy\" src=\"http:\/\/www.prooptic-idm.com\/wiki\/wp-content\/uploads\/sites\/3\/2015\/04\/liste-verres.png\" alt=\"liste-verres\" width=\"800\" height=\"604\" \/><\/a><\/p>\n<h2 id=\"consulter-le-detail-dun-verre\">Consulter le d\u00e9tail d&rsquo;un verre<\/h2>\n<p style=\"text-align: justify;\">____________________________________________________________________________________________________________________________________________________<\/p>\n<p style=\"text-align: justify;\">La consultation d\u2019un verre de la liste se fait soit en double-cliquant sur le verre en question, et ainsi obtenir uniquement sa table tarifaire :<\/p>\n<p style=\"text-align: justify;\"><a href=\"http:\/\/www.prooptic-idm.com\/wiki\/wp-content\/uploads\/sites\/3\/2015\/04\/detail-double-clic-verre.png\"><img decoding=\"async\" loading=\"lazy\" src=\"http:\/\/www.prooptic-idm.com\/wiki\/wp-content\/uploads\/sites\/3\/2015\/04\/detail-double-clic-verre.png\" alt=\"detail-double-clic-verre\" width=\"800\" height=\"604\" \/><\/a><\/p>\n<p style=\"text-align: justify;\">Soit en utilisant le bouton <strong>Fabrication<\/strong> de la barre lat\u00e9rale :<\/p>\n<p style=\"text-align: justify;\"><a href=\"http:\/\/www.prooptic-idm.com\/wiki\/wp-content\/uploads\/sites\/3\/2015\/04\/detail-fabr-verre.png\"><img decoding=\"async\" loading=\"lazy\" src=\"http:\/\/www.prooptic-idm.com\/wiki\/wp-content\/uploads\/sites\/3\/2015\/04\/detail-fabr-verre.png\" alt=\"detail-fabr-verre\" width=\"800\" height=\"604\" \/><\/a> \u00a0\u00a0<\/p>\n<p style=\"text-align: justify;\">Les donn\u00e9es d\u00e9taill\u00e9es du verre apparaissent ensuite.<\/p>\n<p style=\"text-align: justify;\">On peut consulter tout d&rsquo;abord la <strong>Grille de fabrication<\/strong> du verre. Sur l\u2019axe verticale se trouvent <strong>les donn\u00e9es sph\u00e9riques<\/strong> et sur l\u2019axe horizontale <strong>les donn\u00e9es cylindriques<\/strong> :<\/p>\n<p style=\"text-align: justify;\"><img decoding=\"async\" loading=\"lazy\" src=\"http:\/\/www.prooptic-idm.com\/wiki\/wp-content\/uploads\/sites\/3\/2015\/04\/detail-complet-verre.png\" alt=\"detail-complet-verre\" width=\"800\" height=\"554\" \/><\/p>\n<p style=\"text-align: justify;\">\u00a0<\/p>\n<p style=\"text-align: justify;\">L\u2019onglet <strong>Donn\u00e9es<\/strong> de la fiche descriptive du verre se pr\u00e9sente comme suit :<\/p>\n<p style=\"text-align: justify;\"><img decoding=\"async\" loading=\"lazy\" src=\"http:\/\/www.prooptic-idm.com\/wiki\/wp-content\/uploads\/sites\/3\/2015\/04\/onglet-donnees-verre.png\" alt=\"onglet-donnees-verre\" width=\"800\" height=\"554\" \/><\/p>\n<p style=\"text-align: justify;\">L\u2019onglet <strong>Suppl\u00e9ments<\/strong> permet de faire appara\u00eetre la liste des traitements et suppl\u00e9ments disponibles pour le verre s\u00e9lectionn\u00e9 :<\/p>\n<p style=\"text-align: justify;\"><img decoding=\"async\" loading=\"lazy\" src=\"http:\/\/www.prooptic-idm.com\/wiki\/wp-content\/uploads\/sites\/3\/2015\/04\/onglet-supp-verre.png\" alt=\"onglet-supp-verre\" width=\"800\" height=\"554\" \/><\/p>\n<p style=\"text-align: justify;\">Et enfin, l&rsquo;onglet <strong>Tarifs<\/strong> qui est similaire \u00e0 celui que l&rsquo;on retrouve en double-cliquant sur un verre (except\u00e9 le prix d&rsquo;achat et le prix catalogue) :<\/p>\n<p style=\"text-align: justify;\"><img decoding=\"async\" loading=\"lazy\" src=\"http:\/\/www.prooptic-idm.com\/wiki\/wp-content\/uploads\/sites\/3\/2015\/04\/onglet-tarif-verre.png\" alt=\"onglet-tarif-verre\" width=\"800\" height=\"554\" \/><\/p>\n","protected":false},"excerpt":{"rendered":"<p>Pour obtenir la liste des verres d&rsquo;un fournisseur, cliquez sur l&rsquo;onglet Tarifs puis Tarif G\u00e9n\u00e9ral pour y acc\u00e9der. S\u00e9lectionner ensuite un fournisseur pour que la liste des r\u00e9f\u00e9rences de verres apparaisse dans la fen\u00eatre principale : Consulter le d\u00e9tail d&rsquo;un verre ____________________________________________________________________________________________________________________________________________________ La consultation d\u2019un verre de la liste se fait soit en double-cliquant sur &hellip; <a href=\"https:\/\/prooptic.axess.fr\/?page_id=4537\" class=\"more-link\">Continuer la lecture de <span class=\"screen-reader-text\">Consulter un tarif verres<\/span><\/a><\/p>\n","protected":false},"author":1,"featured_media":0,"parent":4536,"menu_order":0,"comment_status":"closed","ping_status":"open","template":"","meta":[],"_links":{"self":[{"href":"https:\/\/prooptic.axess.fr\/index.php?rest_route=\/wp\/v2\/pages\/4537"}],"collection":[{"href":"https:\/\/prooptic.axess.fr\/index.php?rest_route=\/wp\/v2\/pages"}],"about":[{"href":"https:\/\/prooptic.axess.fr\/index.php?rest_route=\/wp\/v2\/types\/page"}],"author":[{"embeddable":true,"href":"https:\/\/prooptic.axess.fr\/index.php?rest_route=\/wp\/v2\/users\/1"}],"replies":[{"embeddable":true,"href":"https:\/\/prooptic.axess.fr\/index.php?rest_route=%2Fwp%2Fv2%2Fcomments&post=4537"}],"version-history":[{"count":0,"href":"https:\/\/prooptic.axess.fr\/index.php?rest_route=\/wp\/v2\/pages\/4537\/revisions"}],"up":[{"embeddable":true,"href":"https:\/\/prooptic.axess.fr\/index.php?rest_route=\/wp\/v2\/pages\/4536"}],"wp:attachment":[{"href":"https:\/\/prooptic.axess.fr\/index.php?rest_route=%2Fwp%2Fv2%2Fmedia&parent=4537"}],"curies":[{"name":"wp","href":"https:\/\/api.w.org\/{rel}","templated":true}]}}