{"id":4728,"date":"2023-07-24T15:11:35","date_gmt":"2023-07-24T13:11:35","guid":{"rendered":"https:\/\/prooptic.axess.fr\/?page_id=4728"},"modified":"2025-10-07T08:11:55","modified_gmt":"2025-10-07T06:11:55","slug":"parametrage-des-offres-2eme-et-3eme-paires","status":"publish","type":"page","link":"https:\/\/prooptic.axess.fr\/?page_id=4728","title":{"rendered":"Param\u00e9trage des offres 2\u00e8me et 3\u00e8me paires"},"content":{"rendered":"\n<h2 class=\"wp-block-heading\">I. Param\u00e9trage de l\u2019offre 2\u00e8me paire<\/h2>\n\n\n\n<p>Dans le menu Tarifs \/ Offres commerciales, v\u00e9rifier que l\u2019offre 2\u00e8me paire soit param\u00e9tr\u00e9e comme ci dessous.<\/p>\n\n\n\n<p>____________________________________________________________________________________________________________________________________________________<\/p>\n\n\n\n<figure class=\"wp-block-image size-full\"><img decoding=\"async\" loading=\"lazy\" width=\"659\" height=\"663\" src=\"https:\/\/prooptic.axess.fr\/wp-content\/uploads\/2023\/07\/parametrage-offre-2eme-paire.jpg\" alt=\"\" class=\"wp-image-4729\" srcset=\"https:\/\/prooptic.axess.fr\/wp-content\/uploads\/2023\/07\/parametrage-offre-2eme-paire.jpg 659w, https:\/\/prooptic.axess.fr\/wp-content\/uploads\/2023\/07\/parametrage-offre-2eme-paire-298x300.jpg 298w, https:\/\/prooptic.axess.fr\/wp-content\/uploads\/2023\/07\/parametrage-offre-2eme-paire-150x150.jpg 150w\" sizes=\"(max-width: 659px) 100vw, 659px\" \/><\/figure>\n\n\n\n<p><\/p>\n\n\n\n<p>Pour cr\u00e9er le niveau de commande 2eme paire, utiliser les param\u00e8tres ci dessous.<\/p>\n\n\n\n<figure class=\"wp-block-image size-full\"><img decoding=\"async\" loading=\"lazy\" width=\"587\" height=\"166\" src=\"https:\/\/prooptic.axess.fr\/wp-content\/uploads\/2023\/07\/niveau-de-commande-2.jpg\" alt=\"\" class=\"wp-image-4730\" srcset=\"https:\/\/prooptic.axess.fr\/wp-content\/uploads\/2023\/07\/niveau-de-commande-2.jpg 587w, https:\/\/prooptic.axess.fr\/wp-content\/uploads\/2023\/07\/niveau-de-commande-2-300x85.jpg 300w\" sizes=\"(max-width: 587px) 100vw, 587px\" \/><\/figure>\n\n\n\n<h2 class=\"wp-block-heading\">II. Param\u00e9trage de l\u2019offre 3\u00e8me paire<\/h2>\n\n\n\n<p>____________________________________________________________________________________________________________________________________________________<\/p>\n\n\n\n<p>Dans le menu Tarifs \/ Offres commerciales, v\u00e9rifier que l\u2019offre 3\u00e8me paire soit param\u00e9tr\u00e9e comme ci dessous.<\/p>\n\n\n\n<figure class=\"wp-block-image size-full\"><img decoding=\"async\" loading=\"lazy\" width=\"645\" height=\"624\" src=\"https:\/\/prooptic.axess.fr\/wp-content\/uploads\/2023\/07\/parametrage-offre-3eme-paire.jpg\" alt=\"\" class=\"wp-image-4731\" srcset=\"https:\/\/prooptic.axess.fr\/wp-content\/uploads\/2023\/07\/parametrage-offre-3eme-paire.jpg 645w, https:\/\/prooptic.axess.fr\/wp-content\/uploads\/2023\/07\/parametrage-offre-3eme-paire-300x290.jpg 300w\" sizes=\"(max-width: 645px) 100vw, 645px\" \/><\/figure>\n\n\n\n<p><\/p>\n\n\n\n<p>Pour cr\u00e9er le niveau de commande 3eme paire, utiliser les param\u00e8tres ci dessous.<\/p>\n\n\n\n<figure class=\"wp-block-image size-full\"><img decoding=\"async\" loading=\"lazy\" width=\"588\" height=\"165\" src=\"https:\/\/prooptic.axess.fr\/wp-content\/uploads\/2023\/07\/niveau-de-commande-3.jpg\" alt=\"\" class=\"wp-image-4732\" srcset=\"https:\/\/prooptic.axess.fr\/wp-content\/uploads\/2023\/07\/niveau-de-commande-3.jpg 588w, https:\/\/prooptic.axess.fr\/wp-content\/uploads\/2023\/07\/niveau-de-commande-3-300x84.jpg 300w\" sizes=\"(max-width: 588px) 100vw, 588px\" \/><\/figure>\n","protected":false},"excerpt":{"rendered":"<p>I. Param\u00e9trage de l\u2019offre 2\u00e8me paire Dans le menu Tarifs \/ Offres commerciales, v\u00e9rifier que l\u2019offre 2\u00e8me paire soit param\u00e9tr\u00e9e comme ci dessous. ____________________________________________________________________________________________________________________________________________________ Pour cr\u00e9er le niveau de commande 2eme paire, utiliser les param\u00e8tres ci dessous. II. Param\u00e9trage de l\u2019offre 3\u00e8me paire ____________________________________________________________________________________________________________________________________________________ Dans le menu Tarifs \/ Offres commerciales, v\u00e9rifier que l\u2019offre 3\u00e8me &hellip; <a href=\"https:\/\/prooptic.axess.fr\/?page_id=4728\" class=\"more-link\">Continuer la lecture de <span class=\"screen-reader-text\">Param\u00e9trage des offres 2\u00e8me et 3\u00e8me paires<\/span><\/a><\/p>\n","protected":false},"author":1,"featured_media":0,"parent":0,"menu_order":0,"comment_status":"closed","ping_status":"closed","template":"","meta":[],"_links":{"self":[{"href":"https:\/\/prooptic.axess.fr\/index.php?rest_route=\/wp\/v2\/pages\/4728"}],"collection":[{"href":"https:\/\/prooptic.axess.fr\/index.php?rest_route=\/wp\/v2\/pages"}],"about":[{"href":"https:\/\/prooptic.axess.fr\/index.php?rest_route=\/wp\/v2\/types\/page"}],"author":[{"embeddable":true,"href":"https:\/\/prooptic.axess.fr\/index.php?rest_route=\/wp\/v2\/users\/1"}],"replies":[{"embeddable":true,"href":"https:\/\/prooptic.axess.fr\/index.php?rest_route=%2Fwp%2Fv2%2Fcomments&post=4728"}],"version-history":[{"count":3,"href":"https:\/\/prooptic.axess.fr\/index.php?rest_route=\/wp\/v2\/pages\/4728\/revisions"}],"predecessor-version":[{"id":4768,"href":"https:\/\/prooptic.axess.fr\/index.php?rest_route=\/wp\/v2\/pages\/4728\/revisions\/4768"}],"wp:attachment":[{"href":"https:\/\/prooptic.axess.fr\/index.php?rest_route=%2Fwp%2Fv2%2Fmedia&parent=4728"}],"curies":[{"name":"wp","href":"https:\/\/api.w.org\/{rel}","templated":true}]}}