{"id":725,"date":"2015-05-07T09:47:41","date_gmt":"2015-05-07T08:47:41","guid":{"rendered":"http:\/\/localhost\/wiki\/?page_id=725"},"modified":"2015-05-07T09:47:41","modified_gmt":"2015-05-07T08:47:41","slug":"debloquer-sa-cps","status":"publish","type":"page","link":"https:\/\/prooptic.axess.fr\/?page_id=725","title":{"rendered":"D\u00e9bloquer sa CPS"},"content":{"rendered":"<p style=\"text-align: justify;\">Vous avez saisi <strong><em>3 fois de suite un code porteur erron\u00e9<\/em><\/strong> et votre carte est bloqu\u00e9e. Munissez-vous de votre <strong><em>code de d\u00e9blocage<\/em><\/strong> et suivez la proc\u00e9dure ci-dessous.<\/p>\n<p style=\"text-align: justify;\">Le code de d\u00e9blocage est inscrit sur le<strong><em> m\u00eame document<\/em><\/strong> que celui sur lequel figure le <strong><em>code porteur<\/em><\/strong>.<br \/>Si ce document n\u2019a pas \u00e9t\u00e9 conserv\u00e9, rendez-vous sur <a href=\"https:\/\/esante.gouv.fr\/assistance?theme=carte\">https:\/\/esante.gouv.fr\/assistance?theme=carte<\/a>.<br \/>T\u00e9l\u00e9charger le programme <strong><em>Outil d\u2019Audit de la CPS<\/em><\/strong>. Si aucune carte n\u2019est pr\u00e9sente dans un lecteur, cette fen\u00eatre s\u2019affiche\u00a0:<\/p>\n<p><center><a href=\"http:\/\/www.prooptic-idm.com\/wiki\/wp-content\/uploads\/sites\/3\/2015\/05\/menu-sans-cps.png\"><img decoding=\"async\" loading=\"lazy\" src=\"http:\/\/www.prooptic-idm.com\/wiki\/wp-content\/uploads\/sites\/3\/2015\/05\/menu-sans-cps.png\" alt=\"menu-sans-cps\" width=\"720\" height=\"710\" \/><\/a><\/center><\/p>\n<p style=\"text-align: justify;\">Introduire sa <strong><em>Carte Professionnelle de Sant\u00e9 dans un lecteur<\/em><\/strong>, l\u2019outil va d\u00e9tecter automatiquement l\u2019insertion de la carte. <strong><em>Remarque\u00a0<\/em><\/strong>: si la carte s\u2019y trouve d\u00e9j\u00e0, v\u00e9rifier qu\u2019elle est correctement ins\u00e9r\u00e9e.<\/p>\n<p style=\"text-align: justify;\">Apr\u00e8s la phase d\u2019initialisation (quelques secondes), <strong><em>les informations lues dans la carte apparaissent<\/em><\/strong>. Le logiciel est maintenant pr\u00eat \u00e0 \u00eatre utilis\u00e9\u00a0:<\/p>\n<p><center><a href=\"http:\/\/www.prooptic-idm.com\/wiki\/wp-content\/uploads\/sites\/3\/2015\/05\/infos-cps.png\"><img decoding=\"async\" loading=\"lazy\" src=\"http:\/\/www.prooptic-idm.com\/wiki\/wp-content\/uploads\/sites\/3\/2015\/05\/infos-cps.png\" alt=\"infos-cps\" width=\"720\" height=\"710\" \/><\/a><\/center><\/p>\n<p style=\"text-align: justify;\">Pour effectuer un d\u00e9blocage du code porteur, cliquer sur <strong><em>D\u00e9bloquer votre code porteur<\/em><\/strong>.<\/p>\n<p style=\"text-align: justify;\"><strong><em>Remarque\u00a0<\/em><\/strong>: cette action est pr\u00e9sente uniquement si le code porteur de la CPS qui est dans le lecteur est bloqu\u00e9.<\/p>\n<p style=\"text-align: justify;\">Saisir les <strong><em>8 chiffres du code de d\u00e9blocage<\/em><\/strong> puis les <strong><em>4 chiffres du nouveau code porteur<\/em><\/strong>. Entrer le nouveau code, une seconde fois pour confirmation. Puis cliquer sur le <strong><em>bouton<\/em> <em>D\u00e9bloquer<\/em><\/strong>.<\/p>\n<p style=\"text-align: justify;\"><strong><em>Remarque\u00a0<\/em><\/strong>: le <strong><em>bouton D\u00e9bloquer<\/em><\/strong> est d\u00e9sactiv\u00e9 (gris\u00e9) lorsqu&rsquo;il manque des informations \u00e0 saisir ou si elles sont invalides (exemple\u00a0: si le code de confirmation est diff\u00e9rent du nouveau code).<\/p>\n<p><center><a href=\"http:\/\/www.prooptic-idm.com\/wiki\/wp-content\/uploads\/sites\/3\/2015\/05\/taper-code-cps.png\"><img decoding=\"async\" loading=\"lazy\" src=\"http:\/\/www.prooptic-idm.com\/wiki\/wp-content\/uploads\/sites\/3\/2015\/05\/taper-code-cps.png\" alt=\"taper-code-cps\" width=\"720\" height=\"710\" \/><\/a><\/center><\/p>\n<p style=\"text-align: justify;\">Un message indique le r\u00e9sultat de l\u2019op\u00e9ration\u00a0:<\/p>\n<p><center><a href=\"http:\/\/www.prooptic-idm.com\/wiki\/wp-content\/uploads\/sites\/3\/2015\/05\/success-cps.png\"><img decoding=\"async\" loading=\"lazy\" src=\"http:\/\/www.prooptic-idm.com\/wiki\/wp-content\/uploads\/sites\/3\/2015\/05\/success-cps.png\" alt=\"success-cps\" width=\"720\" height=\"710\" \/><\/a><\/center><\/p>\n<p style=\"text-align: justify;\">\u00a0<\/p>\n","protected":false},"excerpt":{"rendered":"<p>Vous avez saisi 3 fois de suite un code porteur erron\u00e9 et votre carte est bloqu\u00e9e. Munissez-vous de votre code de d\u00e9blocage et suivez la proc\u00e9dure ci-dessous. Le code de d\u00e9blocage est inscrit sur le m\u00eame document que celui sur lequel figure le code porteur.Si ce document n\u2019a pas \u00e9t\u00e9 conserv\u00e9, rendez-vous sur https:\/\/esante.gouv.fr\/assistance?theme=carte.T\u00e9l\u00e9charger le &hellip; <a href=\"https:\/\/prooptic.axess.fr\/?page_id=725\" class=\"more-link\">Continuer la lecture de <span class=\"screen-reader-text\">D\u00e9bloquer sa CPS<\/span><\/a><\/p>\n","protected":false},"author":1,"featured_media":0,"parent":0,"menu_order":0,"comment_status":"closed","ping_status":"open","template":"","meta":[],"_links":{"self":[{"href":"https:\/\/prooptic.axess.fr\/index.php?rest_route=\/wp\/v2\/pages\/725"}],"collection":[{"href":"https:\/\/prooptic.axess.fr\/index.php?rest_route=\/wp\/v2\/pages"}],"about":[{"href":"https:\/\/prooptic.axess.fr\/index.php?rest_route=\/wp\/v2\/types\/page"}],"author":[{"embeddable":true,"href":"https:\/\/prooptic.axess.fr\/index.php?rest_route=\/wp\/v2\/users\/1"}],"replies":[{"embeddable":true,"href":"https:\/\/prooptic.axess.fr\/index.php?rest_route=%2Fwp%2Fv2%2Fcomments&post=725"}],"version-history":[{"count":0,"href":"https:\/\/prooptic.axess.fr\/index.php?rest_route=\/wp\/v2\/pages\/725\/revisions"}],"wp:attachment":[{"href":"https:\/\/prooptic.axess.fr\/index.php?rest_route=%2Fwp%2Fv2%2Fmedia&parent=725"}],"curies":[{"name":"wp","href":"https:\/\/api.w.org\/{rel}","templated":true}]}}