{"id":81,"date":"2015-04-22T11:06:06","date_gmt":"2015-04-22T10:06:06","guid":{"rendered":"http:\/\/localhost\/wordpress\/?page_id=81"},"modified":"2015-04-22T11:06:06","modified_gmt":"2015-04-22T10:06:06","slug":"facturation-sesam-vitale","status":"publish","type":"page","link":"https:\/\/prooptic.axess.fr\/?page_id=81","title":{"rendered":"Facturation S\u00e9sam Vitale"},"content":{"rendered":"<h2 id=\"rappel-des-avantages-sesam-vitale\">I. Rappel des avantages S\u00e9sam Vitale<\/h2>\n<p style=\"text-align: justify;\">____________________________________________________________________________________________________________________________________________________<\/p>\n<p style=\"text-align: justify;\">Si la <strong><em>Carte Vitale du client est \u00e0 jour<\/em><\/strong> alors la t\u00e9l\u00e9transmission en S\u00e9sam Vitale est possible :<\/p>\n<ul style=\"text-align: justify;\">\n<li>Envoi d\u2019une <strong><em>Feuille de Soin Electronique (FSE)<\/em><\/strong> : il n\u2019est plus n\u00e9cessaire d\u2019imprimer la feuille de soin<\/li>\n<li><strong><em>Garantie de paiement sous 3 jours<\/em><\/strong> (pour les lots s\u00e9curis\u00e9s)<\/li>\n<li><strong><em>Paiement \u00e0 la r\u00e9ception du flux<\/em><\/strong><\/li>\n<li><strong><em>Retours directement dans Prooptic V5<\/em><\/strong> (RSP)<\/li>\n<\/ul>\n<p style=\"text-align: justify;\"><strong><em>Remarque<\/em><\/strong> : obligation de facturer avec <strong><em>la Carte Vitale du client dans le lecteur<\/em><\/strong> (informations lues sur la CPS et la Carte Vitale)<\/p>\n<h2 id=\"generalites\">II. G\u00e9n\u00e9ralit\u00e9s<\/h2>\n<p style=\"text-align: justify;\">____________________________________________________________________________________________________________________________________________________<\/p>\n<p style=\"text-align: justify;\">Il est possible de lire une<strong><em> Carte Vitale<\/em><\/strong> soit par la fiche du client :<\/p>\n<p><img decoding=\"async\" loading=\"lazy\" src=\"http:\/\/prooptic.axess.fr\/wp-content\/uploads\/2018\/06\/caisse-client.png\" alt=\"\" width=\"528\" height=\"354\" \/><\/p>\n<p style=\"text-align: justify;\">Soit par le <strong><em>bouton Carte Vitale<\/em><\/strong> de la recherche :<\/p>\n<p><img decoding=\"async\" loading=\"lazy\" src=\"http:\/\/prooptic.axess.fr\/wp-content\/uploads\/2018\/06\/carte-vitale-a-la-recherche.png\" alt=\"\" width=\"536\" height=\"250\" \/><\/p>\n<p style=\"text-align: justify;\">Le fait d\u2019acc\u00e9der \u00e0 la lecture carte vitale va automatiquement faire appara\u00eetre le d\u00e9tail du magasin lu \u00e0 partir de la carte CPS (une fois par session apr\u00e8s avoir tap\u00e9 le code porteur de la CPS) :<\/p>\n<p><img decoding=\"async\" loading=\"lazy\" src=\"http:\/\/prooptic.axess.fr\/wp-content\/uploads\/2018\/06\/carte-cps.png\" alt=\"\" width=\"706\" height=\"261\" \/><\/p>\n<p style=\"text-align: justify;\">Il faut simplement cliquer sur <strong><em>Valider<\/em><\/strong> pour passer aux \u00e9tapes suivantes.<\/p>\n<h2 id=\"lecture-carte-vitale\">III. Lecture Carte Vitale<\/h2>\n<p style=\"text-align: justify;\">____________________________________________________________________________________________________________________________________________________<\/p>\n<p style=\"text-align: justify;\">Si la <strong><em>Carte Vitale du client n\u2019est pas \u00e0 jour<\/em><\/strong>, <strong><em>vous perdrez la garantie de paiement<\/em><\/strong>, c\u2019est pour cela qu\u2019il est important d\u2019avoir une Carte Vitale \u00e0 jour.<\/p>\n<p style=\"text-align: justify;\">Dans un premier temps, il va falloir <strong><em>lire la Carte Vitale du client<\/em><\/strong> : soit sur sa fiche identit\u00e9, soit dans le module de recherche.<\/p>\n<p style=\"text-align: justify;\">Une fois l\u2019\u00e9cran magasin valid\u00e9, une date de lecture des droits est demand\u00e9e avec une explication sur cette date \u00e0 pr\u00e9ciser :<\/p>\n<p><img decoding=\"async\" loading=\"lazy\" src=\"http:\/\/prooptic.axess.fr\/wp-content\/uploads\/2015\/04\/date-ordo-droits.png\" alt=\"\" width=\"745\" height=\"444\" \/><\/p>\n<p style=\"text-align: justify;\">Cliquez ensuite sur <strong><em>Continuer<\/em><\/strong>.<\/p>\n<p style=\"text-align: justify;\">On arrive ensuite sur une fen\u00eatre qui permet d\u2019afficher le <strong><em>d\u00e9tail de la Carte Vitale<\/em><\/strong> :<\/p>\n<p><img decoding=\"async\" loading=\"lazy\" src=\"http:\/\/prooptic.axess.fr\/wp-content\/uploads\/2018\/06\/DETAIL-CATRTE-VITALE-1030x778.png\" alt=\"\" width=\"734\" height=\"554\" \/><\/p>\n<p style=\"text-align: justify;\">Selon la carte, des informations concernant la mutuelle peuvent \u00eatre affich\u00e9es. La caisse primaire du client est automatiquement enregistr\u00e9e dans votre base de donn\u00e9es, dans le cas contraire, un bouton <strong><em>Cr\u00e9er la caisse primaire<\/em><\/strong> vous est propos\u00e9. Pour passer \u00e0 l\u2019\u00e9tape suivante, cliquez sur<strong><em> Cr\u00e9er la fiche<\/em><\/strong> ou <strong><em>Cette fiche<\/em><\/strong> :\u00a0\u00a0<\/p>\n<p><img decoding=\"async\" loading=\"lazy\" src=\"http:\/\/prooptic.axess.fr\/wp-content\/uploads\/2018\/06\/creer-la-fiche.png\" alt=\"\" width=\"617\" height=\"336\" \/><\/p>\n<h2>IV. Contr\u00f4le S\u00e9sam Vitale<\/h2>\n<p style=\"text-align: justify;\">____________________________________________________________________________________________________________________________________________________<\/p>\n<p style=\"text-align: justify;\">Afin de conna\u00eetre le taux de remboursement du client, la fonction <strong><em>Contr\u00f4le S\u00e9sam Vitale<\/em><\/strong> permet de simuler une facturation et par cons\u00e9quent de ramener le bon taux de remboursement du client dans son devis ou sa fiche.<\/p>\n<p style=\"text-align: justify;\">Cliquez sur le bouton <img decoding=\"async\" loading=\"lazy\" src=\"http:\/\/prooptic.axess.fr\/wp-content\/uploads\/2018\/06\/bouton-controle-sesame-vitalepng.png\" alt=\"\" width=\"92\" height=\"49\" \/><\/p>\n<p><img decoding=\"async\" loading=\"lazy\" src=\"http:\/\/prooptic.axess.fr\/wp-content\/uploads\/2018\/06\/bouton-controle-sesame-vitale-1030x778.png\" alt=\"\" width=\"734\" height=\"554\" \/><\/p>\n<p style=\"text-align: justify;\"><strong><em>\/! Cet \u00e9tape est une SIMULATION de facture \/!<\/em><\/strong><\/p>\n<p><img decoding=\"async\" loading=\"lazy\" src=\"http:\/\/prooptic.axess.fr\/wp-content\/uploads\/2018\/06\/no-carte-popup.png\" alt=\"\" width=\"373\" height=\"154\" \/><\/p>\n<p style=\"text-align: justify;\">Apr\u00e8s avoir ins\u00e9rer la carte vitale du client, s\u00e9lectionnez le b\u00e9n\u00e9ficiaire sur la fen\u00eatre de lecture de carte vitale.<\/p>\n<p style=\"text-align: justify;\">Remplissez la fen\u00eatre suivante comme indiqu\u00e9 ci-dessous :<\/p>\n<p><img decoding=\"async\" loading=\"lazy\" src=\"http:\/\/prooptic.axess.fr\/wp-content\/uploads\/2018\/06\/origine-pescription-1030x229.png\" alt=\"\" width=\"734\" height=\"163\" \/><\/p>\n<ul style=\"text-align: justify;\">\n<li>Ne remplir <strong><em>Origine Prescription<\/em><\/strong> que dans le cadre d\u2019un renouvellement<\/li>\n<li>Accident de droit commun : cochez <strong><em>Non<\/em><\/strong><\/li>\n<\/ul>\n<p style=\"text-align: justify;\">Enfin, cliquez sur <strong><em>Continuer<\/em><\/strong>.<\/p>\n<p style=\"text-align: justify;\">Il est alors possible d\u2019aller contr\u00f4ler le taux de remboursement dans l\u2019onglet <strong><em>S\u00e9curit\u00e9 Sociale\/Mutuelle<\/em><\/strong> du dossier du client :<\/p>\n<p><img decoding=\"async\" loading=\"lazy\" src=\"http:\/\/prooptic.axess.fr\/wp-content\/uploads\/2018\/06\/onglet-securite-sociale-mutuelle.png\" alt=\"\" width=\"832\" height=\"121\" \/><\/p>\n<h2 id=\"facturation-sesam-vitale-avec-carte-vitale\">V. Facturation S\u00e9sam Vitale (avec Carte Vitale)<\/h2>\n<p style=\"text-align: justify;\">____________________________________________________________________________________________________________________________________________________<\/p>\n<p style=\"text-align: justify;\"><img decoding=\"async\" loading=\"lazy\" src=\"http:\/\/prooptic.axess.fr\/wp-content\/uploads\/2018\/06\/fact-opt-cv-1030x726.png\" alt=\"\" width=\"734\" height=\"517\" \/><\/p>\n<p style=\"text-align: justify;\">Au moment de la facturation, le fait de cocher <strong><em>T\u00e9l\u00e9transmission \u2013 S\u00e9curit\u00e9 Sociale<\/em><\/strong> va automatiquement d\u00e9cocher <strong><em>Imprimer la feuille de soin<\/em><\/strong>.<\/p>\n<p style=\"text-align: justify;\">Cliquez sur <strong><em>Suivant<\/em><\/strong><\/p>\n<p style=\"text-align: justify;\"><img decoding=\"async\" loading=\"lazy\" src=\"http:\/\/prooptic.axess.fr\/wp-content\/uploads\/2018\/06\/no-carte-popup.png\" alt=\"\" width=\"373\" height=\"154\" \/><\/p>\n<p style=\"text-align: justify;\">Ins\u00e9rer la carte vitale et s\u00e9lectionnez la date \u00e0 laquelle les droits sont lus en fonction des crit\u00e8res sp\u00e9cifi\u00e9s et s\u00e9lectionnez le b\u00e9n\u00e9ficiaire de la fen\u00eatre de lecture de carte vitale.<\/p>\n<p><img decoding=\"async\" loading=\"lazy\" src=\"http:\/\/prooptic.axess.fr\/wp-content\/uploads\/2015\/04\/date-ordo-droits.png\" alt=\"\" width=\"745\" height=\"444\" \/><\/p>\n<ul style=\"text-align: justify;\">\n<li>Ne remplir <strong><em>Origine Prescription<\/em><\/strong> que dans le cadre d\u2019un renouvellement<\/li>\n<li>Accident de droit commun : cochez <strong><em>Non<\/em><\/strong><\/li>\n<\/ul>\n<p style=\"text-align: justify;\">Enfin, cliquez sur <strong><em>Continuer<\/em><\/strong>.<\/p>\n<p><img decoding=\"async\" loading=\"lazy\" src=\"http:\/\/prooptic.axess.fr\/wp-content\/uploads\/2018\/06\/origine-pescription-1-1030x229.png\" alt=\"\" width=\"734\" height=\"163\" \/><\/p>\n<p style=\"text-align: justify;\">Cliquez sur <strong><em>Signer<\/em><\/strong> pour valider la facturation.<\/p>\n<p><img decoding=\"async\" loading=\"lazy\" src=\"http:\/\/prooptic.axess.fr\/wp-content\/uploads\/2018\/06\/btn-signer-fact-cv.png\" alt=\"\" width=\"800\" height=\"534\" \/><\/p>\n<p style=\"text-align: justify;\">On peut alors constater que la facture est en attente de t\u00e9l\u00e9transmission dans le menu <strong><em>T\u00e9l\u00e9transmissions<\/em><\/strong> de l\u2019onglet <strong><em>Sant\u00e9<\/em><\/strong> :<\/p>\n<p><img decoding=\"async\" loading=\"lazy\" src=\"http:\/\/prooptic.axess.fr\/wp-content\/uploads\/2018\/06\/btn-telet.png\" alt=\"\" width=\"488\" height=\"115\" \/><\/p>\n<p><img decoding=\"async\" loading=\"lazy\" src=\"http:\/\/prooptic.axess.fr\/wp-content\/uploads\/2018\/06\/fenetre-telet-menu.png\" alt=\"\" width=\"800\" height=\"604\" \/><\/p>\n<h2 id=\"facturation-sesam-vitale-sans-carte-vitale\">VI. Facturation S\u00e9sam Vitale (sans Carte Vitale)<\/h2>\n<p style=\"text-align: justify;\">____________________________________________________________________________________________________________________________________________________<\/p>\n<p style=\"text-align: justify;\">Au moment de la facturation, le fait de cocher <strong><em>T\u00e9l\u00e9transmission \u2013 S\u00e9curit\u00e9 Sociale<\/em><\/strong> va automatiquement <strong><em>d\u00e9cocher Imprimer la feuille de soin<\/em><\/strong>.<\/p>\n<p><img decoding=\"async\" loading=\"lazy\" src=\"http:\/\/prooptic.axess.fr\/wp-content\/uploads\/2018\/06\/fact-opt-cv-1-1030x726.png\" alt=\"\" width=\"734\" height=\"517\" \/><\/p>\n<p style=\"text-align: justify;\">La proc\u00e9dure est l\u00e9g\u00e8rement diff\u00e9rente au moment o\u00f9 le logiciel propose d\u2019ins\u00e9rer la Carte Vitale :<\/p>\n<p><img decoding=\"async\" loading=\"lazy\" src=\"http:\/\/prooptic.axess.fr\/wp-content\/uploads\/2018\/06\/no-carte-popup-1.png\" alt=\"\" width=\"373\" height=\"154\" \/><\/p>\n<p style=\"text-align: justify;\">Cliquez sur <strong><em>Non<\/em><\/strong>.<\/p>\n<p style=\"text-align: justify;\">Prooptic V5 vous informe que vous allez <strong><em>t\u00e9l\u00e9transmettre en mode d\u00e9grad\u00e9 et ainsi perdre la garantie de paiement<\/em><\/strong> :<\/p>\n<p><img decoding=\"async\" loading=\"lazy\" src=\"http:\/\/prooptic.axess.fr\/wp-content\/uploads\/2018\/06\/degrade-popup.png\" alt=\"\" width=\"497\" height=\"154\" \/><\/p>\n<p style=\"text-align: justify;\">Cliquez sur <strong><em>Oui<\/em><\/strong>.<\/p>\n<p style=\"text-align: justify;\">Remplissez ensuite les champs ci-dessous<\/p>\n<p><img decoding=\"async\" loading=\"lazy\" src=\"http:\/\/prooptic.axess.fr\/wp-content\/uploads\/2018\/06\/origine-prescription-en-degrade-1030x286.png\" alt=\"\" width=\"734\" height=\"204\" \/><\/p>\n<ul style=\"text-align: justify;\">\n<li>Ne remplir <strong><em>Origine Prescription que dans le cadre d\u2019un renouvellement<\/em><\/strong><\/li>\n<li>Pi\u00e8ce justificative AMO : <strong><em>2<\/em><\/strong><\/li>\n<li>Accident de droit commun : cochez <strong><em>Non<\/em><\/strong><\/li>\n<li>Nature assurance : <strong><em>maladie<\/em><\/strong><\/li>\n<li>Lien avec l\u2019assur\u00e9 : <strong><em>\u00e0 remplir<\/em><\/strong><\/li>\n<li>Libell\u00e9 du taux d\u2019exon\u00e9ration : <strong><em>15<\/em><\/strong><\/li>\n<\/ul>\n<p style=\"text-align: justify;\">Cliquez sur <strong><em>Continuer<\/em><\/strong>.<\/p>\n<p style=\"text-align: justify;\">Enfin, cliquez sur <strong><em>Signer<\/em> <\/strong>:<\/p>\n<p style=\"text-align: justify;\"><img decoding=\"async\" loading=\"lazy\" src=\"http:\/\/prooptic.axess.fr\/wp-content\/uploads\/2018\/06\/btn-signer-degrade.png\" alt=\"\" width=\"733\" height=\"489\" \/><\/p>\n<p style=\"text-align: justify;\">En mode d\u00e9grad\u00e9 (sans carte vitale), une feuille de soins va s\u2019imprimer avec la facture. Cette derni\u00e8re doit \u00eatre sign\u00e9e et num\u00e9ris\u00e9e afin d\u2019\u00eatre jointe \u00e0 la t\u00e9l\u00e9transmission.<\/p>\n<p style=\"text-align: justify;\">La facture est alors en attente de t\u00e9l\u00e9transmission dans le menu <strong><em>T\u00e9l\u00e9transmissions<\/em><\/strong> de l\u2019onglet <strong><em>Sant\u00e9<\/em><\/strong><em>.<\/em><\/p>\n<h2 id=\"informations-denvoi\">VII. Informations d&rsquo;envoi<\/h2>\n<p style=\"text-align: justify;\">____________________________________________________________________________________________________________________________________________________<\/p>\n<ul style=\"list-style-type: square;\">\n<li style=\"text-align: justify;\">les \u00e9tapes s\u2019encha\u00eenent automatiquement avec l&rsquo;icone <em><strong>Suivi<\/strong> <\/em>et <em><strong>RSP.<\/strong><\/em><\/li>\n<\/ul>\n","protected":false},"excerpt":{"rendered":"<p>I. Rappel des avantages S\u00e9sam Vitale ____________________________________________________________________________________________________________________________________________________ Si la Carte Vitale du client est \u00e0 jour alors la t\u00e9l\u00e9transmission en S\u00e9sam Vitale est possible : Envoi d\u2019une Feuille de Soin Electronique (FSE) : il n\u2019est plus n\u00e9cessaire d\u2019imprimer la feuille de soin Garantie de paiement sous 3 jours (pour les lots s\u00e9curis\u00e9s) Paiement \u00e0 la &hellip; <a href=\"https:\/\/prooptic.axess.fr\/?page_id=81\" class=\"more-link\">Continuer la lecture de <span class=\"screen-reader-text\">Facturation S\u00e9sam Vitale<\/span><\/a><\/p>\n","protected":false},"author":1,"featured_media":0,"parent":4535,"menu_order":0,"comment_status":"closed","ping_status":"closed","template":"","meta":[],"_links":{"self":[{"href":"https:\/\/prooptic.axess.fr\/index.php?rest_route=\/wp\/v2\/pages\/81"}],"collection":[{"href":"https:\/\/prooptic.axess.fr\/index.php?rest_route=\/wp\/v2\/pages"}],"about":[{"href":"https:\/\/prooptic.axess.fr\/index.php?rest_route=\/wp\/v2\/types\/page"}],"author":[{"embeddable":true,"href":"https:\/\/prooptic.axess.fr\/index.php?rest_route=\/wp\/v2\/users\/1"}],"replies":[{"embeddable":true,"href":"https:\/\/prooptic.axess.fr\/index.php?rest_route=%2Fwp%2Fv2%2Fcomments&post=81"}],"version-history":[{"count":0,"href":"https:\/\/prooptic.axess.fr\/index.php?rest_route=\/wp\/v2\/pages\/81\/revisions"}],"up":[{"embeddable":true,"href":"https:\/\/prooptic.axess.fr\/index.php?rest_route=\/wp\/v2\/pages\/4535"}],"wp:attachment":[{"href":"https:\/\/prooptic.axess.fr\/index.php?rest_route=%2Fwp%2Fv2%2Fmedia&parent=81"}],"curies":[{"name":"wp","href":"https:\/\/api.w.org\/{rel}","templated":true}]}}