{"id":83,"date":"2015-04-22T11:06:24","date_gmt":"2015-04-22T10:06:24","guid":{"rendered":"http:\/\/localhost\/wordpress\/?page_id=83"},"modified":"2015-04-22T11:06:24","modified_gmt":"2015-04-22T10:06:24","slug":"suivi-des-teletransmissions","status":"publish","type":"page","link":"https:\/\/prooptic.axess.fr\/?page_id=83","title":{"rendered":"Suivi des t\u00e9l\u00e9transmissions"},"content":{"rendered":"<p style=\"text-align: justify;\">L&rsquo;acc\u00e8s au menu de suivi des t\u00e9l\u00e9transmissions se fait \u00e0 partir de l&rsquo;<strong><em>onglet Sant\u00e9<\/em><\/strong> puis <strong><em>Suivis\u00a0<\/em><\/strong>:<\/p>\n<p><center><img decoding=\"async\" loading=\"lazy\" src=\"http:\/\/www.prooptic-idm.com\/wiki\/wp-content\/uploads\/sites\/3\/2015\/04\/menu-suivi-telet.png\" alt=\"menu-suivi-telet\" width=\"490\" height=\"116\" \/><\/center><\/p>\n<p style=\"text-align: justify;\">Si un message concernant des paiements ou des rejets s&rsquo;affiche, r\u00e9pondez <strong><em>Non<\/em><\/strong> pour acc\u00e9der au menu souhait\u00e9 (dans le cas contraire, le menu RSP s&rsquo;affichera)\u00a0:<\/p>\n<p><center><img decoding=\"async\" loading=\"lazy\" src=\"http:\/\/www.prooptic-idm.com\/wiki\/wp-content\/uploads\/sites\/3\/2015\/04\/popup-rsp.png\" alt=\"popup-rsp\" width=\"468\" height=\"169\" \/><\/center><\/p>\n<p style=\"text-align: justify;\">La fen\u00eatre de suivi des t\u00e9l\u00e9transmissions s&rsquo;affiche ensuite permettant de visualiser les \u00e9tats des diff\u00e9rents lots envoy\u00e9s\u00a0:<\/p>\n<p><center><img decoding=\"async\" loading=\"lazy\" src=\"http:\/\/www.prooptic-idm.com\/wiki\/wp-content\/uploads\/sites\/3\/2015\/04\/fenetre-suivi-telet.png\" alt=\"fenetre-suivi-telet\" width=\"800\" height=\"605\" \/><\/center><\/p>\n<p style=\"text-align: justify;\">Quatre \u00e9tats sont \u00e0 distinguer\u00a0:<\/p>\n<ul style=\"text-align: justify;\">\n<li><strong><em>EXPEDIE\u00a0<\/em><\/strong>: le flux \u00e9lectronique est bien parti mais pas encore arriv\u00e9 \u00e0 la caisse primaire<\/li>\n<li><strong><em>ARL_POSITIF<\/em><\/strong>\u00a0: le flux \u00e9lectronique est bien arriv\u00e9 mais pas encore trait\u00e9<\/li>\n<li><strong><em>RSP\u00a0<\/em><\/strong>: le flux \u00e9lectronique a \u00e9t\u00e9 trait\u00e9, la r\u00e9ponse est dans le logiciel dans le menu RSP, soit en paiement ou en rejet.<\/li>\n<li><strong><em>ACQUITTE\u00a0<\/em><\/strong>: c&rsquo;est un lot d\u00e9grad\u00e9, son \u00e9tat est \u00e0 consulter sur <a href=\"http:\/\/www.ameli.fr\/\" rel=\"nofollow\">www.ameli.fr<\/a><\/li>\n<\/ul>\n<p style=\"text-align: justify;\">Pour actualiser l&rsquo;\u00e9tat de vos diff\u00e9rents lots, cliquez simplement sur <strong><em>Mettre \u00e0 jour<\/em><\/strong>\u00a0:<\/p>\n<p><center><img decoding=\"async\" loading=\"lazy\" src=\"http:\/\/www.prooptic-idm.com\/wiki\/wp-content\/uploads\/sites\/3\/2015\/04\/btn-maj-suivis.png\" alt=\"btn-maj-suivis\" width=\"575\" height=\"392\" \/><\/center><\/p>\n<p style=\"text-align: justify;\">Pour acc\u00e9der au d\u00e9tail d&rsquo;un lot, s\u00e9lectionner la ligne concern\u00e9e et les factures correspondantes s&rsquo;affichent dans le tableau en dessous\u00a0:<\/p>\n<p><center><img decoding=\"async\" loading=\"lazy\" src=\"http:\/\/www.prooptic-idm.com\/wiki\/wp-content\/uploads\/sites\/3\/2015\/04\/detail-lots-suivis.png\" alt=\"detail-lots-suivis\" width=\"779\" height=\"251\" \/><\/center><\/p>\n<p style=\"text-align: justify;\">Enfin, il est possible de filtrer les lots par \u00e9tat gr\u00e2ce \u00e0 la barre tout en haut de la fen\u00eatre puis en cliquant sur <strong><em>Filtrer\u00a0<\/em><\/strong>:<\/p>\n<p><center><img decoding=\"async\" loading=\"lazy\" src=\"http:\/\/www.prooptic-idm.com\/wiki\/wp-content\/uploads\/sites\/3\/2015\/04\/filtre-suivis-lots.png\" alt=\"filtre-suivis-lots\" width=\"663\" height=\"86\" \/><\/center><\/p>\n<p>\u00a0<\/p>\n","protected":false},"excerpt":{"rendered":"<p>L&rsquo;acc\u00e8s au menu de suivi des t\u00e9l\u00e9transmissions se fait \u00e0 partir de l&rsquo;onglet Sant\u00e9 puis Suivis\u00a0: Si un message concernant des paiements ou des rejets s&rsquo;affiche, r\u00e9pondez Non pour acc\u00e9der au menu souhait\u00e9 (dans le cas contraire, le menu RSP s&rsquo;affichera)\u00a0: La fen\u00eatre de suivi des t\u00e9l\u00e9transmissions s&rsquo;affiche ensuite permettant de visualiser les \u00e9tats des &hellip; <a href=\"https:\/\/prooptic.axess.fr\/?page_id=83\" class=\"more-link\">Continuer la lecture de <span class=\"screen-reader-text\">Suivi des t\u00e9l\u00e9transmissions<\/span><\/a><\/p>\n","protected":false},"author":1,"featured_media":0,"parent":4535,"menu_order":0,"comment_status":"closed","ping_status":"open","template":"","meta":[],"_links":{"self":[{"href":"https:\/\/prooptic.axess.fr\/index.php?rest_route=\/wp\/v2\/pages\/83"}],"collection":[{"href":"https:\/\/prooptic.axess.fr\/index.php?rest_route=\/wp\/v2\/pages"}],"about":[{"href":"https:\/\/prooptic.axess.fr\/index.php?rest_route=\/wp\/v2\/types\/page"}],"author":[{"embeddable":true,"href":"https:\/\/prooptic.axess.fr\/index.php?rest_route=\/wp\/v2\/users\/1"}],"replies":[{"embeddable":true,"href":"https:\/\/prooptic.axess.fr\/index.php?rest_route=%2Fwp%2Fv2%2Fcomments&post=83"}],"version-history":[{"count":0,"href":"https:\/\/prooptic.axess.fr\/index.php?rest_route=\/wp\/v2\/pages\/83\/revisions"}],"up":[{"embeddable":true,"href":"https:\/\/prooptic.axess.fr\/index.php?rest_route=\/wp\/v2\/pages\/4535"}],"wp:attachment":[{"href":"https:\/\/prooptic.axess.fr\/index.php?rest_route=%2Fwp%2Fv2%2Fmedia&parent=83"}],"curies":[{"name":"wp","href":"https:\/\/api.w.org\/{rel}","templated":true}]}}