{"id":838,"date":"2015-05-11T09:07:33","date_gmt":"2015-05-11T08:07:33","guid":{"rendered":"http:\/\/localhost\/wiki\/?page_id=838"},"modified":"2023-07-31T10:37:10","modified_gmt":"2023-07-31T08:37:10","slug":"creer-une-fiche-client","status":"publish","type":"page","link":"https:\/\/prooptic.axess.fr\/?page_id=838","title":{"rendered":"Cr\u00e9er une fiche identit\u00e9 client"},"content":{"rendered":"<h2>I. Cr\u00e9ation automatique (avec Carte Vitale)<\/h2>\n<p>____________________________________________________________________________________________________________________________________________________<\/p>\n<p style=\"text-align: justify;\">Le fait de <strong><em>lire une Carte Vitale<\/em><\/strong> soit par la fiche du client :<\/p>\n<p><img decoding=\"async\" loading=\"lazy\" src=\"http:\/\/prooptic.axess.fr\/wp-content\/uploads\/2018\/06\/lire-cv-fiche-client.png\" alt=\"\" width=\"800\" height=\"361\" \/><\/p>\n<p style=\"text-align: justify;\">Soit par le <strong><em>bouton Carte Vitale<\/em><\/strong> de la recherche :<\/p>\n<p style=\"text-align: justify;\"><img decoding=\"async\" loading=\"lazy\" src=\"http:\/\/prooptic.axess.fr\/wp-content\/uploads\/2018\/06\/btn_lire_cv_recherche_clt.png\" alt=\"\" width=\"500\" height=\"208\" \/><\/p>\n<p style=\"text-align: justify;\">Permet de faire appara\u00eetre automatiquement le d\u00e9tail du magasin lu \u00e0 partir de la carte CPS (une fois par session apr\u00e8s avoir tap\u00e9 le code porteur de la CPS) :<\/p>\n<p><img decoding=\"async\" loading=\"lazy\" src=\"http:\/\/prooptic.axess.fr\/wp-content\/uploads\/2018\/06\/info-mag-cps.png\" alt=\"\" width=\"793\" height=\"293\" \/><\/p>\n<p style=\"text-align: justify;\">Il faut simplement cliquer sur <strong><em>Valider<\/em><\/strong> pour passer aux \u00e9tapes suivantes.<\/p>\n<h2>II. Cr\u00e9ation manuelle (sans Carte Vitale)<\/h2>\n<p>____________________________________________________________________________________________________________________________________________________<\/p>\n<p style=\"text-align: justify;\">S\u00e9lectionner tout d&rsquo;abord <strong><em>Fiches Clients<\/em><\/strong> de l&rsquo;<strong><em>onglet Clients<\/em><\/strong><\/p>\n<p>\u00a0<\/p>\n<center><img decoding=\"async\" loading=\"lazy\" src=\"http:\/\/www.prooptic-idm.com\/wiki\/wp-content\/uploads\/sites\/3\/2015\/05\/icone-fiche.png\" alt=\"icone-fiche\" width=\"842\" height=\"118\" \/><\/center>\n<p>\u00a0<\/p>\n<p style=\"text-align: justify;\">Ensuite, pour cr\u00e9er une nouvelle fiche, il faut d\u2019abord v\u00e9rifier que le client n&rsquo;existe pas d\u00e9j\u00e0 dans la base (sinon faire une recherche au pr\u00e9alable) puis cliquer sur le <strong><em>bouton Ajouter<\/em><\/strong>\u00a0dans la barre d\u2019outils.<\/p>\n<p>\u00a0<\/p>\n<center><img decoding=\"async\" loading=\"lazy\" src=\"http:\/\/prooptic.axess.fr\/wp-content\/uploads\/2018\/06\/btn-ajout-clt-1030x520.png\" alt=\"\" width=\"734\" height=\"371\" \/><\/center>\n<p>\u00a0<\/p>\n<p style=\"text-align: justify;\">Une fiche client vierge s\u2019ouvre, il ne reste qu\u2019\u00e0 la compl\u00e9ter.<\/p>\n<p>\u00a0<\/p>\n<center><img decoding=\"async\" loading=\"lazy\" src=\"http:\/\/prooptic.axess.fr\/wp-content\/uploads\/2018\/06\/fiche-vierge-client2-1030x778.png\" alt=\"\" width=\"734\" height=\"554\" \/><\/center>\n<p>\u00a0<\/p>\n<h2>III. Fiche signal\u00e9tique<\/h2>\n<p>____________________________________________________________________________________________________________________________________________________<\/p>\n<p style=\"text-align: justify;\">L\u2019onglet <strong><em>Identit\u00e9<\/em><\/strong> appara\u00eet en premier. Cette fiche est unique pour chaque client et contient les coordonn\u00e9es et les renseignements g\u00e9n\u00e9raux qui le concernent.<\/p>\n<p>\u00a0<\/p>\n<center><img decoding=\"async\" loading=\"lazy\" src=\"http:\/\/prooptic.axess.fr\/wp-content\/uploads\/2018\/06\/list_onglets_clt-1030x75.png\" alt=\"\" width=\"830\" height=\"61\" \/><\/center>\n<p>\u00a0<\/p>\n<p style=\"text-align: justify;\">Saisir le <strong><em>Nom<\/em> <\/strong>et le <strong><em>Pr\u00e9nom<\/em><\/strong>.<\/p>\n<p style=\"text-align: justify;\">Une fois le nom et le pr\u00e9nom saisis et enregistr\u00e9s , ces informations sont reprises dans la barre sup\u00e9rieure :<\/p>\n<p>\u00a0<\/p>\n<center><img decoding=\"async\" loading=\"lazy\" src=\"http:\/\/prooptic.axess.fr\/wp-content\/uploads\/2018\/06\/nom_clt_barre_sup-1030x116.png\" alt=\"\" width=\"734\" height=\"83\" \/><\/center>\n<p>\u00a0<\/p>\n<p style=\"text-align: justify;\">Pour saisir la localit\u00e9, il est possible de taper juste le <strong><em>code postal<\/em><\/strong> et la <strong><em>premi\u00e8re lettre du nom de la ville<\/em><\/strong> correspondante et le programme se chargera alors d&rsquo;afficher la <strong><em>liste des localit\u00e9s<\/em><\/strong>\u00a0:<\/p>\n<p>\u00a0<\/p>\n<center><img decoding=\"async\" loading=\"lazy\" src=\"http:\/\/prooptic.axess.fr\/wp-content\/uploads\/2018\/06\/localite-fiche-clt.png\" alt=\"\" width=\"512\" height=\"468\" \/><\/center>\n<p>\u00a0<\/p>\n<p style=\"text-align: justify;\">Pr\u00e9ciser le pays du client (facultatif)<\/p>\n<p style=\"text-align: justify;\">Renseigner ensuite les champs concernant les <strong><em>num\u00e9ros de t\u00e9l\u00e9phone et fax<\/em><\/strong> et l\u2019<strong><em>adresse \u00e9lectronique<\/em><\/strong> (e-mail)\u00a0:<\/p>\n<p>\u00a0<\/p>\n<center><img decoding=\"async\" loading=\"lazy\" src=\"http:\/\/prooptic.axess.fr\/wp-content\/uploads\/2018\/06\/saisie-info-contact-clt.png\" alt=\"\" width=\"517\" height=\"102\" \/><\/center>\n<p>\u00a0<\/p>\n<p style=\"text-align: justify;\">Renseigner ensuite le <strong><em>param\u00e9trage mailing<\/em><\/strong> du client\u00a0:<\/p>\n<p>\u00a0<\/p>\n<center><img decoding=\"async\" loading=\"lazy\" src=\"http:\/\/prooptic.axess.fr\/wp-content\/uploads\/2018\/06\/info-mailing-clt.png\" alt=\"\" width=\"518\" height=\"204\" \/><\/center>\n<p>\u00a0<\/p>\n<p style=\"text-align: justify;\">L\u2019onglet <strong><em>Statistiques<\/em> <\/strong>permet de classer le client dans une ou plusieurs \u00ab\u00a0zones libres\u00a0\u00bb (profession, loisirs, etc.) au pr\u00e9alablement d\u00e9finit par le personnel du magasin.<\/p>\n<p style=\"text-align: justify;\">L\u2019onglet <strong><em>Notes<\/em> <\/strong>permet de consigner des remarques concernant le client. Un feu rouge se positionne sur l\u2019onglet pour signaler que des notes ont \u00e9t\u00e9 saisies.<\/p>\n<p style=\"text-align: justify;\">L\u2019onglet <strong><em>Famille<\/em> <\/strong>doit \u00eatre utilis\u00e9 pour rattacher plusieurs clients \u00e0 une m\u00eame famille. Cette notion est particuli\u00e8rement importante dans le cadre d\u2019envoi de courrier par publipostage, pour effectuer une s\u00e9lection au sein du fichier client et \u00e9galement pour le cumul de ventes.<br \/>Utiliser le bouton <img decoding=\"async\" loading=\"lazy\" src=\"http:\/\/www.prooptic-idm.com\/wiki\/wp-content\/uploads\/sites\/3\/2015\/05\/ajout-famille.png\" alt=\"ajout-famille\" width=\"82\" height=\"23\" \/>\u00a0pour s\u00e9lectionner un client dans le fichier et l\u2019ajouter en tant que membre de la famille du client en cours. A l\u2019inverse, le bouton <img decoding=\"async\" loading=\"lazy\" src=\"http:\/\/www.prooptic-idm.com\/wiki\/wp-content\/uploads\/sites\/3\/2015\/05\/exclure-famille.png\" alt=\"exclure-famille\" width=\"81\" height=\"63\" \/>\u00a0permet de supprimer, des membres de la famille, le client s\u00e9lectionn\u00e9 dans la liste.<\/p>\n<p style=\"text-align: justify;\">Renseigner ensuite la <strong><em>date de naissance<\/em><\/strong> du client\u00a0:<\/p>\n<p>\u00a0<\/p>\n<center><img decoding=\"async\" loading=\"lazy\" src=\"http:\/\/www.prooptic-idm.com\/wiki\/wp-content\/uploads\/sites\/3\/2015\/05\/date-naissance.png\" alt=\"date-naissance\" width=\"501\" height=\"84\" \/><\/center>\n<p>\u00a0<\/p>\n<p style=\"text-align: justify;\"><strong><em>Exemple\u00a0<\/em><\/strong>: En tapant 02031978, l&rsquo;ordinateur indiquera automatiquement 02\/03\/1978.<\/p>\n<p style=\"text-align: justify;\">Reste \u00e0 renseigner le <strong><em>num\u00e9ro de s\u00e9curit\u00e9 sociale<\/em><\/strong> du client (la cl\u00e9 se calculant automatiquement) et \u00e0 lui <strong><em>attribuer la caisse primaire de r\u00e9f\u00e9rence<\/em><\/strong>\u00a0:<\/p>\n<p>\u00a0<\/p>\n<center><img decoding=\"async\" loading=\"lazy\" src=\"http:\/\/prooptic.axess.fr\/wp-content\/uploads\/2018\/06\/info-secu-clt.png\" alt=\"\" width=\"499\" height=\"237\" \/><\/center>\n<p>\u00a0<\/p>\n<p style=\"text-align: justify;\">Les champs du bloc <strong><em>Donn\u00e9es AMO<\/em><\/strong> de la fiche signal\u00e9tique <strong><em>sont compl\u00e9t\u00e9s automatiquement<\/em> <\/strong>lors de la lecture de la Carte Vitale\u00a0:<\/p>\n<p>\u00a0<\/p>\n<center><img decoding=\"async\" loading=\"lazy\" src=\"http:\/\/prooptic.axess.fr\/wp-content\/uploads\/2018\/06\/donnees-amo-clt.png\" alt=\"\" width=\"495\" height=\"107\" \/><\/center>\n<p>\u00a0<\/p>\n<p style=\"text-align: justify;\">La partie mutuelle permet d&rsquo;en renseigner jusqu&rsquo;\u00e0 2 par client. La liste des caisses et des mutuelles peut \u00eatre \u00e9dit\u00e9e via l&rsquo;<strong><em>onglet Sant\u00e9\/Mutuelles<\/em><\/strong> et servira de base pour le calcul des remboursements mutuelle.<\/p>\n<p>\u00a0<\/p>\n<center><img decoding=\"async\" loading=\"lazy\" class=\"alignnone wp-image-4742 size-full\" src=\"https:\/\/prooptic.axess.fr\/wp-content\/uploads\/2023\/07\/mutuelle-2.jpg\" alt=\"\" width=\"730\" height=\"264\" srcset=\"https:\/\/prooptic.axess.fr\/wp-content\/uploads\/2023\/07\/mutuelle-2.jpg 730w, https:\/\/prooptic.axess.fr\/wp-content\/uploads\/2023\/07\/mutuelle-2-300x108.jpg 300w\" sizes=\"(max-width: 730px) 100vw, 730px\" \/><\/center><center><\/center><center><\/center>\n<p>\u00a0<\/p>\n<p style=\"text-align: justify;\">Le bouton <img decoding=\"async\" loading=\"lazy\" src=\"http:\/\/www.prooptic-idm.com\/wiki\/wp-content\/uploads\/sites\/3\/2015\/05\/3-points-btn.png\" alt=\"3-points-btn\" width=\"22\" height=\"20\" \/>\u00a0permet d&rsquo;aller <strong><em>s\u00e9lectionner la mutuelle du client<\/em><\/strong>.<\/p>\n<p style=\"text-align: justify;\">Une fois la fiche signal\u00e9tique compl\u00e9t\u00e9e, il est conseill\u00e9 d\u2019enregistrer les informations en cliquant sur le bouton <img decoding=\"async\" loading=\"lazy\" src=\"http:\/\/www.prooptic-idm.com\/wiki\/wp-content\/uploads\/sites\/3\/2015\/05\/save-client.png\" alt=\"save-client\" width=\"101\" height=\"39\" \/>.<br \/>Il est possible alors de renseigner les onglets suivants de la fiche client.<\/p>\n<h2>IV. Autres onglets<\/h2>\n<p>____________________________________________________________________________________________________________________________________________________<\/p>\n<p>\u00a0<\/p>\n<center><img decoding=\"async\" loading=\"lazy\" src=\"http:\/\/prooptic.axess.fr\/wp-content\/uploads\/2018\/06\/list_onglets_clt-1-1030x75.png\" alt=\"\" width=\"789\" height=\"57\" \/><\/center>\n<p>\u00a0<\/p>\n<p style=\"text-align: justify;\">Les onglets <strong><em>Lunettes<\/em><\/strong> et <strong><em>Lentilles<\/em> <\/strong>permettent de <strong><em>cr\u00e9er des devis\/fiches techniques<\/em><\/strong> \u00e0 partir de l&rsquo;ordonnance du client.<\/p>\n<p style=\"text-align: justify;\">L&rsquo;onglet <strong><em>Caisse<\/em> <\/strong>permet de <strong><em>visualiser tous les paiements effectu\u00e9s<\/em><\/strong> pour les ventes du client. Il est possible de visualiser tous les paiements ou de d\u00e9composer les paiements effectu\u00e9s par le client et de visualiser les parts des organismes de remboursement (s\u00e9curit\u00e9 sociale et mutuelles).<\/p>\n<p style=\"text-align: justify;\">L&rsquo;onglet <strong><em>Tiers Payant<\/em><\/strong> permet de suivre des <strong><em>demandes de PEC<\/em><\/strong> (Prise En Charge).<\/p>\n<p style=\"text-align: justify;\">L&rsquo;onglet <strong><em>Suivi<\/em> <\/strong>permet de <strong><em>stocker diff\u00e9rents documents<\/em><\/strong> concernant le client (carte mutuelle scann\u00e9e, document pdf , etc.).<\/p>\n<p style=\"text-align: justify;\">Enfin, l&rsquo;onglet <strong><em>Historique<\/em> <\/strong>permet d&rsquo;avoir un visuel des <strong><em>pr\u00e9c\u00e9dentes visites<\/em><\/strong> du client import\u00e9es de<strong><em> Prooptic V.4 (ou ancien logiciel).<\/em><\/strong><\/p>\n\n\n<figure class=\"wp-block-image\"><img alt=\"\"\/><\/figure>\n\n\n\n<figure class=\"wp-block-image\"><img alt=\"\"\/><\/figure>\n\n\n\n<figure class=\"wp-block-image\"><img alt=\"\"\/><\/figure>\n\n\n\n<figure class=\"wp-block-image\"><img alt=\"\"\/><\/figure>\n\n\n\n<figure class=\"wp-block-image\"><img alt=\"\"\/><\/figure>\n\n\n\n<figure class=\"wp-block-image\"><img alt=\"\"\/><\/figure>\n\n\n\n<figure class=\"wp-block-image\"><img alt=\"\"\/><\/figure>\n\n\n\n<figure class=\"wp-block-image\"><img alt=\"\"\/><\/figure>\n\n\n\n<figure class=\"wp-block-gallery has-nested-images columns-default is-cropped wp-block-gallery-1 is-layout-flex\"><\/figure>\n\n\n\n<figure class=\"wp-block-image\"><img alt=\"\"\/><\/figure>\n\n\n\n<figure class=\"wp-block-image\"><img alt=\"\"\/><\/figure>\n\n\n\n<figure class=\"wp-block-image\"><img alt=\"\"\/><\/figure>\n\n\n\n<figure class=\"wp-block-image\"><img alt=\"\"\/><\/figure>\n\n\n\n<figure class=\"wp-block-image\"><img alt=\"\"\/><\/figure>\n","protected":false},"excerpt":{"rendered":"<p>I. Cr\u00e9ation automatique (avec Carte Vitale) ____________________________________________________________________________________________________________________________________________________ Le fait de lire une Carte Vitale soit par la fiche du client : Soit par le bouton Carte Vitale de la recherche : Permet de faire appara\u00eetre automatiquement le d\u00e9tail du magasin lu \u00e0 partir de la carte CPS (une fois par session apr\u00e8s avoir tap\u00e9 le &hellip; <a href=\"https:\/\/prooptic.axess.fr\/?page_id=838\" class=\"more-link\">Continuer la lecture de <span class=\"screen-reader-text\">Cr\u00e9er une fiche identit\u00e9 client<\/span><\/a><\/p>\n","protected":false},"author":1,"featured_media":0,"parent":0,"menu_order":0,"comment_status":"closed","ping_status":"open","template":"","meta":[],"_links":{"self":[{"href":"https:\/\/prooptic.axess.fr\/index.php?rest_route=\/wp\/v2\/pages\/838"}],"collection":[{"href":"https:\/\/prooptic.axess.fr\/index.php?rest_route=\/wp\/v2\/pages"}],"about":[{"href":"https:\/\/prooptic.axess.fr\/index.php?rest_route=\/wp\/v2\/types\/page"}],"author":[{"embeddable":true,"href":"https:\/\/prooptic.axess.fr\/index.php?rest_route=\/wp\/v2\/users\/1"}],"replies":[{"embeddable":true,"href":"https:\/\/prooptic.axess.fr\/index.php?rest_route=%2Fwp%2Fv2%2Fcomments&post=838"}],"version-history":[{"count":3,"href":"https:\/\/prooptic.axess.fr\/index.php?rest_route=\/wp\/v2\/pages\/838\/revisions"}],"predecessor-version":[{"id":4743,"href":"https:\/\/prooptic.axess.fr\/index.php?rest_route=\/wp\/v2\/pages\/838\/revisions\/4743"}],"wp:attachment":[{"href":"https:\/\/prooptic.axess.fr\/index.php?rest_route=%2Fwp%2Fv2%2Fmedia&parent=838"}],"curies":[{"name":"wp","href":"https:\/\/api.w.org\/{rel}","templated":true}]}}