{"id":87,"date":"2015-04-22T11:06:59","date_gmt":"2015-04-22T10:06:59","guid":{"rendered":"http:\/\/localhost\/wordpress\/?page_id=87"},"modified":"2015-04-22T11:06:59","modified_gmt":"2015-04-22T10:06:59","slug":"camieg-mutieg","status":"publish","type":"page","link":"https:\/\/prooptic.axess.fr\/?page_id=87","title":{"rendered":"CAMIEG &#8211; MUTIEG"},"content":{"rendered":"<h2>I. Lecture Carte Vitale<\/h2>\n<p>____________________________________________________________________________________________________________________________________________________<\/p>\n<p>Cet article a pour but de mettre en place les bons param\u00e9trages en ce qui concerne la <strong><em>CAMIEG <\/em><\/strong>et la <strong><em>MUTIEG <\/em><\/strong>pour <strong><em>S\u00e9sam Vitale<\/em><\/strong>.<\/p>\n<p>Faire une <strong><em>lecture de Carte Vitale<\/em><\/strong> dans un premier temps \u00e0 partir de la <strong><em>fiche client<\/em><\/strong> pour que le <strong><em>bloc S\u00e9curit\u00e9 Sociale<\/em><\/strong> soit correctement remplit&nbsp;:<\/p>\n<p><center><img decoding=\"async\" loading=\"lazy\" src=\"http:\/\/www.prooptic-idm.com\/wiki\/wp-content\/uploads\/sites\/3\/2015\/04\/bloc-secu.png\" alt=\"bloc-secu\" width=\"495\" height=\"338\"><\/center><\/p>\n<p>Il va falloir \u00e9galement<strong><em> cr\u00e9er deux mutuelles<\/em><\/strong>, pour cela, cliquez sur l&rsquo;<strong><em>onglet Sant\u00e9<\/em><\/strong> puis <strong><em>Mutuelles&nbsp;<\/em><\/strong>:<\/p>\n<p><center><img decoding=\"async\" loading=\"lazy\" src=\"http:\/\/www.prooptic-idm.com\/wiki\/wp-content\/uploads\/sites\/3\/2015\/04\/icone-mut.png\" alt=\"icone-mut\" width=\"483\" height=\"115\"><\/center><\/p>\n<h2>II. Cr\u00e9ation CAMIEG<\/h2>\n<p>____________________________________________________________________________________________________________________________________________________<\/p>\n<p>Puis cliquez sur <strong><em>Ajouter&nbsp;<\/em><\/strong>:<\/p>\n<p><center><img decoding=\"async\" loading=\"lazy\" src=\"http:\/\/www.prooptic-idm.com\/wiki\/wp-content\/uploads\/sites\/3\/2015\/04\/ajout-mut.png\" alt=\"ajout-mut\" width=\"467\" height=\"364\"><\/center><\/p>\n<p>Remplissez ensuite les <strong><em>champs de l&rsquo;onglet Coordonn\u00e9es<\/em><\/strong> comme indiqu\u00e9s ci-dessous&nbsp;:<\/p>\n<p><center><img decoding=\"async\" loading=\"lazy\" src=\"http:\/\/www.prooptic-idm.com\/wiki\/wp-content\/uploads\/sites\/3\/2015\/04\/coord-mutieg.png\" alt=\"coord-mutieg\" width=\"767\" height=\"398\"><\/center><\/p>\n<ul>\n<li><strong><em>Nom&nbsp;<\/em><\/strong>: CAMIEG<\/li>\n<li><strong><em>Tiers Payant\/ T\u00e9l\u00e9transmission<\/em><\/strong>&nbsp;: coch\u00e9es<\/li>\n<\/ul>\n<p>Remplissez ensuite les <strong><em>champs de l&rsquo;onglet Donn\u00e9es DRE et Tarification STS<\/em><\/strong> comme indiqu\u00e9s ci-dessous&nbsp;:<\/p>\n<p><center><img decoding=\"async\" loading=\"lazy\" src=\"http:\/\/www.prooptic-idm.com\/wiki\/wp-content\/uploads\/sites\/3\/2015\/04\/dre-mutieg.png\" alt=\"dre-mutieg\" width=\"756\" height=\"416\"><\/center><\/p>\n<ul>\n<li><strong><em>Convention Unique<\/em><\/strong>&nbsp;: coch\u00e9e<\/li>\n<li><strong><em>MUTNUM&nbsp;<\/em><\/strong>: 92006089<\/li>\n<\/ul>\n<p>Acc\u00e9dez ensuite au <strong><em>menu Options<\/em><\/strong>&nbsp;:<\/p>\n<p><center><img decoding=\"async\" loading=\"lazy\" src=\"http:\/\/www.prooptic-idm.com\/wiki\/wp-content\/uploads\/sites\/3\/2015\/04\/btn-option.png\" alt=\"btn-option\" width=\"522\" height=\"126\"><\/center><\/p>\n<p>Puis cliquez sur <strong><em>Ajouter<\/em><\/strong>&nbsp;:<\/p>\n<p><center><img decoding=\"async\" loading=\"lazy\" src=\"http:\/\/www.prooptic-idm.com\/wiki\/wp-content\/uploads\/sites\/3\/2015\/04\/ajout-opt.png\" alt=\"ajout-opt\" width=\"659\" height=\"108\"><\/center><\/p>\n<p>Remplissez les champs comme indiqu\u00e9s ci-dessous&nbsp;:<\/p>\n<p><center><img decoding=\"async\" loading=\"lazy\" src=\"http:\/\/www.prooptic-idm.com\/wiki\/wp-content\/uploads\/sites\/3\/2015\/04\/formulaire-option.png\" alt=\"formulaire-option\" width=\"514\" height=\"204\"><\/center><\/p>\n<ul>\n<li><strong><em>Libell\u00e9&nbsp;<\/em><\/strong>: PEC<\/li>\n<li><strong><em>Mode de calcul<\/em><\/strong>&nbsp;: aucun<\/li>\n<\/ul>\n<p>Cliquez enfin sur <strong><em>Enregistrer <\/em><\/strong>et <strong><em>Fermer<\/em><\/strong>.<\/p>\n<h2>III. Cr\u00e9ation MUTIEG<\/h2>\n<p>____________________________________________________________________________________________________________________________________________________<\/p>\n<p>Cr\u00e9er ensuite la seconde mutuelle&nbsp;:<\/p>\n<p><center><img decoding=\"async\" loading=\"lazy\" src=\"http:\/\/www.prooptic-idm.com\/wiki\/wp-content\/uploads\/sites\/3\/2015\/04\/coord-camieg.png\" alt=\"coord-camieg\" width=\"768\" height=\"393\"><\/center><\/p>\n<ul>\n<li><strong><em>Nom&nbsp;<\/em><\/strong>: MUTIEG<\/li>\n<li><strong><em>Tiers payant coch\u00e9 \/ pas de t\u00e9l\u00e9transmission<\/em><\/strong> (le <strong><em>traitement se fera au format papier<\/em><\/strong>)<\/li>\n<\/ul>\n<p>Revenez enfin sur la <strong><em>fiche client<\/em><\/strong> et <strong><em>indiquez les deux mutuelles<\/em><\/strong> cr\u00e9\u00e9es pr\u00e9c\u00e9demment en remplissant les informations de l&rsquo;adh\u00e9rent&nbsp;:<\/p>\n<p>La premi\u00e8re&nbsp;:<\/p>\n<p><center><img decoding=\"async\" loading=\"lazy\" src=\"http:\/\/www.prooptic-idm.com\/wiki\/wp-content\/uploads\/sites\/3\/2015\/04\/bloc-mut1.png\" alt=\"bloc-mut1\" width=\"495\" height=\"212\"><\/center><\/p>\n<p>Et la deuxi\u00e8me&nbsp;:<\/p>\n<p><center><img decoding=\"async\" loading=\"lazy\" src=\"http:\/\/www.prooptic-idm.com\/wiki\/wp-content\/uploads\/sites\/3\/2015\/04\/bloc-mut2.png\" alt=\"bloc-mut2\" width=\"489\" height=\"170\"><\/center><\/p>\n<h2>IV. Dossier client<\/h2>\n<p>____________________________________________________________________________________________________________________________________________________<\/p>\n<p>Retournez dans le <strong><em>dossier du client<\/em><\/strong> dans la partie <strong><em>S\u00e9curit\u00e9 Sociale\/Mutuelles<\/em><\/strong>&nbsp;:<\/p>\n<p><center><img decoding=\"async\" loading=\"lazy\" src=\"http:\/\/www.prooptic-idm.com\/wiki\/wp-content\/uploads\/sites\/3\/2015\/04\/btn-saisie-montant-cam-mut.png\" alt=\"btn-saisie-montant-cam-mut\" width=\"498\" height=\"466\"><\/center><\/p>\n<p><strong><em>Rentrez les remboursements<\/em><\/strong> correspondants pour la CAMIEG et la MUTIEG&nbsp;:<\/p>\n<p><center><img decoding=\"async\" loading=\"lazy\" src=\"http:\/\/www.prooptic-idm.com\/wiki\/wp-content\/uploads\/sites\/3\/2015\/04\/ref-pec.png\" alt=\"ref-pec\" width=\"555\" height=\"285\"><\/center><\/p>\n<p><strong><em>Remarque&nbsp;<\/em><\/strong>: si vous ne poss\u00e9dez pas de r\u00e9f\u00e9rence Prise En Charge, veuillez entrer dans le champ correspondant, la date du jour \u00e0 l&rsquo;envers comme indiqu\u00e9 ci-dessus.<\/p>\n<p><strong><em>Enregistrer <\/em><\/strong>pour valider la fiche.<\/p>\n<h2>V. Facturation<\/h2>\n<p>____________________________________________________________________________________________________________________________________________________<\/p>\n<p>Au moment de la facturation, cochez <em>T\u00e9l\u00e9transmission &#8211; S\u00e9curit\u00e9 Sociale et CAMIEG<\/em>&nbsp;:<\/p>\n<p><center><img decoding=\"async\" loading=\"lazy\" src=\"http:\/\/www.prooptic-idm.com\/wiki\/wp-content\/uploads\/sites\/3\/2015\/04\/coche-telet-camieg.png\" alt=\"coche-telet-camieg\" width=\"242\" height=\"43\"><\/center><\/p>\n<ul>\n<li>Cliquez sur <strong><em>Appliquer<\/em><\/strong><\/li>\n<li>Cocher <strong><em>Non <\/em><\/strong>pour <strong><em>Accident de droit commun et Soins ALD<\/em><\/strong><\/li>\n<li><strong><em>S\u00e9lectionner la convention correspondante<\/em><\/strong> en cliquant sur la ligne<\/li>\n<li><strong><em>Signer <\/em><\/strong>pour valider la facture<\/li>\n<\/ul>\n<p><strong><em>Remarque<\/em><\/strong>&nbsp;: si une erreur STS apparait, cliquer simplement sur <strong><em>OK<\/em><\/strong>.<\/p>\n","protected":false},"excerpt":{"rendered":"<p>I. Lecture Carte Vitale ____________________________________________________________________________________________________________________________________________________ Cet article a pour but de mettre en place les bons param\u00e9trages en ce qui concerne la CAMIEG et la MUTIEG pour S\u00e9sam Vitale. Faire une lecture de Carte Vitale dans un premier temps \u00e0 partir de la fiche client pour que le bloc S\u00e9curit\u00e9 Sociale soit correctement remplit&nbsp;: Il &hellip; <a href=\"https:\/\/prooptic.axess.fr\/?page_id=87\" class=\"more-link\">Continuer la lecture de <span class=\"screen-reader-text\">CAMIEG &#8211; MUTIEG<\/span><\/a><\/p>\n","protected":false},"author":1,"featured_media":0,"parent":4535,"menu_order":0,"comment_status":"closed","ping_status":"open","template":"","meta":[],"_links":{"self":[{"href":"https:\/\/prooptic.axess.fr\/index.php?rest_route=\/wp\/v2\/pages\/87"}],"collection":[{"href":"https:\/\/prooptic.axess.fr\/index.php?rest_route=\/wp\/v2\/pages"}],"about":[{"href":"https:\/\/prooptic.axess.fr\/index.php?rest_route=\/wp\/v2\/types\/page"}],"author":[{"embeddable":true,"href":"https:\/\/prooptic.axess.fr\/index.php?rest_route=\/wp\/v2\/users\/1"}],"replies":[{"embeddable":true,"href":"https:\/\/prooptic.axess.fr\/index.php?rest_route=%2Fwp%2Fv2%2Fcomments&post=87"}],"version-history":[{"count":0,"href":"https:\/\/prooptic.axess.fr\/index.php?rest_route=\/wp\/v2\/pages\/87\/revisions"}],"up":[{"embeddable":true,"href":"https:\/\/prooptic.axess.fr\/index.php?rest_route=\/wp\/v2\/pages\/4535"}],"wp:attachment":[{"href":"https:\/\/prooptic.axess.fr\/index.php?rest_route=%2Fwp%2Fv2%2Fmedia&parent=87"}],"curies":[{"name":"wp","href":"https:\/\/api.w.org\/{rel}","templated":true}]}}