{"id":96,"date":"2015-04-22T11:19:24","date_gmt":"2015-04-22T10:19:24","guid":{"rendered":"http:\/\/localhost\/wordpress\/?page_id=96"},"modified":"2015-04-22T11:19:24","modified_gmt":"2015-04-22T10:19:24","slug":"creation-dun-article","status":"publish","type":"page","link":"https:\/\/prooptic.axess.fr\/?page_id=96","title":{"rendered":"Cr\u00e9ation d&rsquo;un article"},"content":{"rendered":"<p style=\"text-align: justify;\">La cr\u00e9ation d\u2019un nouvel article se fait de la m\u00eame mani\u00e8re que pour les clients\u00a0; en cliquant sur le bouton <img decoding=\"async\" loading=\"lazy\" src=\"http:\/\/www.prooptic-idm.com\/wiki\/wp-content\/uploads\/sites\/3\/2015\/04\/btn-ajouter.png\" alt=\"btn-ajouter\" width=\"69\" height=\"39\" \/>.<\/p>\n<h2 style=\"text-align: justify;\">I. Nomenclature<\/h2>\n<p style=\"text-align: justify;\">________________________________________________________________________________________________________________________________________________________________________________<\/p>\n<p style=\"text-align: justify;\">La r\u00e9f\u00e9rence compl\u00e8te d&rsquo;un article est constitu\u00e9e par sa marque, son mod\u00e8le, sa famille, son type et son distributeur. Un code unique est automatiquement attribu\u00e9 pour chaque nouvel article. C&rsquo;est ce code qui est utilis\u00e9 lors de la saisie d&rsquo;un article dans le fichier client ou dans la caisse. C&rsquo;est lui aussi qui sera repris sur les \u00e9tiquettes.<\/p>\n<p><center><img decoding=\"async\" loading=\"lazy\" src=\"http:\/\/www.prooptic-idm.com\/wiki\/wp-content\/uploads\/sites\/3\/2015\/04\/creer-stock-article.png\" alt=\"creer-stock-article\" width=\"800\" height=\"604\" \/><\/center><\/p>\n<p style=\"text-align: justify;\">Les marques peuvent \u00eatre mises en relation avec des distributeurs. Ainsi, lorsqu\u2019 une marque est saisie dans le fichier des articles, l\u2019ordinateur connait la relation existante. Par la suite, lorsque la m\u00eame marque sera saisie, le distributeur correspondant sera imm\u00e9diatement indiqu\u00e9. Bien entendu, il est toujours possible de le modifier.<\/p>\n<p style=\"text-align: justify;\">Si la marque n&rsquo;est pas indiqu\u00e9e automatiquement, il est possible de le taper manuellement ou de le choisir dans la liste\u00a0:<\/p>\n<p><center><img decoding=\"async\" loading=\"lazy\" src=\"http:\/\/www.prooptic-idm.com\/wiki\/wp-content\/uploads\/sites\/3\/2015\/04\/marque.png\" alt=\"marque\" width=\"271\" height=\"451\" \/><\/center><\/p>\n<p style=\"text-align: justify;\">La saisie de la famille peut se faire en tapant les premi\u00e8res lettres ou \u00e9galement en la s\u00e9lectionnant dans la liste\u00a0:<\/p>\n<p><center><img decoding=\"async\" loading=\"lazy\" src=\"http:\/\/www.prooptic-idm.com\/wiki\/wp-content\/uploads\/sites\/3\/2015\/04\/famille.png\" alt=\"famille\" width=\"271\" height=\"209\" \/><\/center><\/p>\n<p style=\"text-align: justify;\">Une fois la famille saisie, le taux de TVA et le coefficient par d\u00e9faut qui lui sont associ\u00e9s s&rsquo;indiquent sur la fiche.<\/p>\n<p style=\"text-align: justify;\">Les familles propos\u00e9es dans la liste sont celles d\u00e9finies dans les param\u00e8tres et peuvent \u00eatre modifi\u00e9es \u00e0 loisir.<\/p>\n<p style=\"text-align: justify;\">La case situ\u00e9e juste \u00e0 la droite de la famille est r\u00e9serv\u00e9e pour le type. En g\u00e9n\u00e9ral elle est utilis\u00e9e pour indiquer un code de quelques lettres comme MH pour M\u00e9tal Homme ou CD pour Cellulo Dame par exemple. Comme pour les familles, la liste des types pr\u00e9d\u00e9finis dans les param\u00e8tres du logiciel est enti\u00e8rement personnalisable.<\/p>\n<p><center><img decoding=\"async\" loading=\"lazy\" src=\"http:\/\/www.prooptic-idm.com\/wiki\/wp-content\/uploads\/sites\/3\/2015\/04\/type.png\" alt=\"type\" width=\"265\" height=\"71\" \/><\/center><\/p>\n<p style=\"text-align: justify;\">Il est possible de saisir une date limite de consommation par exemple pour un produit lentilles par l\u2019interm\u00e9diaire du champ .<\/p>\n<h2 style=\"text-align: justify;\">II. Etablissement des prix<\/h2>\n<p style=\"text-align: justify;\">________________________________________________________________________________________________________________________________________________________________________________<\/p>\n<p style=\"text-align: justify;\">Une fois les r\u00e9f\u00e9rences de l&rsquo;article \u00e9tablies, il faut sp\u00e9cifier ses prix d&rsquo;achat et de vente.<\/p>\n<p style=\"text-align: justify;\">Saisir le prix d\u2019achat brut (hors remise sur facture). Une remise sur facture peut \u00eatre saisie manuellement (elle peut \u00eatre modifi\u00e9e si report\u00e9e automatiquement en fonction de la marque s\u00e9lectionn\u00e9e). Le calcul du prix d\u2019achat net est automatique.<\/p>\n<p style=\"text-align: justify;\">Le calcul du prix de vente est automatique par l\u2019application d\u2019un coefficient sur le prix d\u2019achat. Ce coefficient peut \u00eatre d\u00e9termin\u00e9 en fonction du distributeur et de la marque ou en fonction de la famille d\u2019article.<\/p>\n<p style=\"text-align: justify;\"><strong><em>Remarque\u00a0<\/em><\/strong>: Le mode de calcul du prix de vente peut se baser sur le prix d\u2019achat brut ou remis\u00e9 selon le param\u00e9trage choisi.<\/p>\n<p style=\"text-align: justify;\">Le coefficient et le prix de vente sont li\u00e9s. Il est possible de modifier manuellement le coefficient, dans ce cas le prix de vente sera recalcul\u00e9 automatiquement. De m\u00eame il est possible de modifier manuellement le prix de vente et dans ce cas c\u2019est le coefficient qui sera recalcul\u00e9 automatiquement\u00a0:<\/p>\n<p><center><img decoding=\"async\" loading=\"lazy\" src=\"http:\/\/www.prooptic-idm.com\/wiki\/wp-content\/uploads\/sites\/3\/2015\/04\/coef-article-prix-vente.png\" alt=\"coef-article-prix-vente\" width=\"509\" height=\"250\" \/><\/center><\/p>\n<h2 style=\"text-align: justify;\">III. Quantit\u00e9 en stock<\/h2>\n<p style=\"text-align: justify;\">________________________________________________________________________________________________________________________________________________________________________________<\/p>\n<p style=\"text-align: justify;\">Pour mettre \u00e0 jour la quantit\u00e9 en stock d&rsquo;un article, il suffit de le s\u00e9lectionner lors de la recherche dans le stock (tri possible par num\u00e9ro d&rsquo;\u00e9tiquette pour acc\u00e9l\u00e9rer la recherche) et de cliquer sur le bouton <img decoding=\"async\" loading=\"lazy\" src=\"http:\/\/www.prooptic-idm.com\/wiki\/wp-content\/uploads\/sites\/3\/2015\/04\/btn-modifier.png\" alt=\"btn-modifier\" width=\"70\" height=\"39\" \/>\u00a0:<\/p>\n<p><center><img decoding=\"async\" loading=\"lazy\" src=\"http:\/\/www.prooptic-idm.com\/wiki\/wp-content\/uploads\/sites\/3\/2015\/04\/modif-quantite.png\" alt=\"modif-quantite\" width=\"1031\" height=\"342\" \/><\/center><\/p>\n<p style=\"text-align: justify;\">Le tableau permet de modifier la quantit\u00e9 d&rsquo;articles en stock pour une m\u00eame entr\u00e9e (si mauvaise manipulation, par exemple: 2 articles rentr\u00e9es au lieu de 3 le 06\/08\/2014), pour cela, s\u00e9lectionner la ligne qui concerne la date d&rsquo;entr\u00e9e puis cliquer sur le bouton <img decoding=\"async\" loading=\"lazy\" src=\"http:\/\/www.prooptic-idm.com\/wiki\/wp-content\/uploads\/sites\/3\/2015\/04\/btn-modif-stock.png\" alt=\"btn-modif-stock\" width=\"45\" height=\"41\" \/>\u00a0:<\/p>\n<p><center><img decoding=\"async\" loading=\"lazy\" src=\"http:\/\/www.prooptic-idm.com\/wiki\/wp-content\/uploads\/sites\/3\/2015\/04\/affiche-quantite.png\" alt=\"affiche-quantite\" width=\"785\" height=\"222\" \/><\/center><\/p>\n<p style=\"text-align: justify;\">De plus, pour cr\u00e9er une nouvelle entr\u00e9e d&rsquo;un ou plusieurs articles compl\u00e8tement similaire(s), il suffit de cliquer sur le bouton <img decoding=\"async\" loading=\"lazy\" src=\"http:\/\/www.prooptic-idm.com\/wiki\/wp-content\/uploads\/sites\/3\/2015\/04\/btn-ajout-entree.png\" alt=\"btn-ajout-entree\" width=\"44\" height=\"39\" \/>\u00a0pour entrer les prix et la quantit\u00e9 concernant l&rsquo;article et de valider avec <img decoding=\"async\" loading=\"lazy\" src=\"http:\/\/www.prooptic-idm.com\/wiki\/wp-content\/uploads\/sites\/3\/2015\/04\/btn-valider.png\" alt=\"btn-valider\" width=\"58\" height=\"52\" \/>\u00a0:<\/p>\n<p><center><img decoding=\"async\" loading=\"lazy\" src=\"http:\/\/www.prooptic-idm.com\/wiki\/wp-content\/uploads\/sites\/3\/2015\/04\/new-entree-article.png\" alt=\"new-entree-article\" width=\"777\" height=\"221\" \/><\/center><\/p>\n<p style=\"text-align: justify;\"><strong><em>Remarque\u00a0<\/em><\/strong>: La proc\u00e9dure est exactement la m\u00eame en ce qui concerne les sorties de stock, il faut simplement s\u00e9lectionner l&rsquo;<strong><em>onglet Sorties<\/em><\/strong>.<\/p>\n","protected":false},"excerpt":{"rendered":"<p>La cr\u00e9ation d\u2019un nouvel article se fait de la m\u00eame mani\u00e8re que pour les clients\u00a0; en cliquant sur le bouton . I. Nomenclature ________________________________________________________________________________________________________________________________________________________________________________ La r\u00e9f\u00e9rence compl\u00e8te d&rsquo;un article est constitu\u00e9e par sa marque, son mod\u00e8le, sa famille, son type et son distributeur. Un code unique est automatiquement attribu\u00e9 pour chaque nouvel article. C&rsquo;est ce &hellip; <a href=\"https:\/\/prooptic.axess.fr\/?page_id=96\" class=\"more-link\">Continuer la lecture de <span class=\"screen-reader-text\">Cr\u00e9ation d&rsquo;un article<\/span><\/a><\/p>\n","protected":false},"author":1,"featured_media":0,"parent":94,"menu_order":0,"comment_status":"closed","ping_status":"open","template":"","meta":[],"_links":{"self":[{"href":"https:\/\/prooptic.axess.fr\/index.php?rest_route=\/wp\/v2\/pages\/96"}],"collection":[{"href":"https:\/\/prooptic.axess.fr\/index.php?rest_route=\/wp\/v2\/pages"}],"about":[{"href":"https:\/\/prooptic.axess.fr\/index.php?rest_route=\/wp\/v2\/types\/page"}],"author":[{"embeddable":true,"href":"https:\/\/prooptic.axess.fr\/index.php?rest_route=\/wp\/v2\/users\/1"}],"replies":[{"embeddable":true,"href":"https:\/\/prooptic.axess.fr\/index.php?rest_route=%2Fwp%2Fv2%2Fcomments&post=96"}],"version-history":[{"count":0,"href":"https:\/\/prooptic.axess.fr\/index.php?rest_route=\/wp\/v2\/pages\/96\/revisions"}],"up":[{"embeddable":true,"href":"https:\/\/prooptic.axess.fr\/index.php?rest_route=\/wp\/v2\/pages\/94"}],"wp:attachment":[{"href":"https:\/\/prooptic.axess.fr\/index.php?rest_route=%2Fwp%2Fv2%2Fmedia&parent=96"}],"curies":[{"name":"wp","href":"https:\/\/api.w.org\/{rel}","templated":true}]}}