{"id":98,"date":"2015-04-22T11:20:29","date_gmt":"2015-04-22T10:20:29","guid":{"rendered":"http:\/\/localhost\/wordpress\/?page_id=98"},"modified":"2015-04-22T11:20:29","modified_gmt":"2015-04-22T10:20:29","slug":"distributeurs-et-marques","status":"publish","type":"page","link":"https:\/\/prooptic.axess.fr\/?page_id=98","title":{"rendered":"Distributeurs et marques"},"content":{"rendered":"<h2>I. Gestion des distributeurs<\/h2>\n<p>________________________________________________________________________________________________________________________________________________________________________________<\/p>\n<p style=\"text-align: justify;\">La liste des distributeurs est accessible depuis l\u2019<strong>onglet Stock<\/strong> en cliquant sur<strong> Marques et en s\u00e9lectionnant Distributeurs<\/strong>\u00a0:<\/p>\n<h3><img decoding=\"async\" loading=\"lazy\" src=\"http:\/\/prooptic.axess.fr\/wp-content\/uploads\/2018\/06\/menu-distributeur.png\" alt=\"\" width=\"563\" height=\"149\" \/><\/h3>\n<h3>a. Fiche descriptive<\/h3>\n<p>__________________________________________________________________________<\/p>\n<p style=\"text-align: justify;\">La liste des distributeurs appara\u00eet.<\/p>\n<p style=\"text-align: justify;\">Il est possible de visualiser la liste des Marques associ\u00e9es \u00e0 un distributeur et \u00e9ventuellement cr\u00e9er une nouvelle marque pour ce distributeur un cliquant sur <strong>Marques associ\u00e9s<\/strong> sur la ligne correspondante.<\/p>\n<p style=\"text-align: justify;\">\u00a0Pour ajouter un distributeur suppl\u00e9mentaire cliquer sur le <strong>bouton Ajouter<\/strong>\u00a0:<\/p>\n<p style=\"text-align: justify;\"><img decoding=\"async\" loading=\"lazy\" src=\"http:\/\/prooptic.axess.fr\/wp-content\/uploads\/2018\/06\/liste-des-distributeurs-1030x311.png\" alt=\"\" width=\"734\" height=\"222\" \/><\/p>\n<p style=\"text-align: justify;\">Il convient ensuite de compl\u00e9ter la fiche descriptive avec le nom, l\u2019adresse et les diff\u00e9rents num\u00e9ros de t\u00e9l\u00e9phone et fax connus\u00a0:<\/p>\n<p style=\"text-align: justify;\"><img decoding=\"async\" loading=\"lazy\" src=\"http:\/\/prooptic.axess.fr\/wp-content\/uploads\/2018\/06\/saisie-dun-distributeur-1030x775.png\" alt=\"\" width=\"734\" height=\"552\" \/><\/p>\n<p style=\"text-align: justify;\">Il est possible de saisir un lien vers le site Web du distributeur. Dans ce cas, il suffit de cliquer sur le logo \u00e0 droite de ces champs pour y acc\u00e9der directement\u00a0:<\/p>\n<p><img decoding=\"async\" loading=\"lazy\" src=\"http:\/\/prooptic.axess.fr\/wp-content\/uploads\/2018\/06\/site-distrib.png\" alt=\"\" width=\"661\" height=\"78\" \/><\/p>\n<h3>b. Contact<\/h3>\n<p>__________________________________________________________________________<\/p>\n<p style=\"text-align: justify;\">La partie <strong>Contact<\/strong> permet d\u2019entrer le nom du contact principal avec son num\u00e9ro de t\u00e9l\u00e9phone et\/ou de mobile\u00a0:<\/p>\n<p><center><img decoding=\"async\" loading=\"lazy\" src=\"http:\/\/www.prooptic-idm.com\/wiki\/wp-content\/uploads\/sites\/3\/2015\/04\/contact-distrib.png\" alt=\"contact-distrib\" width=\"649\" height=\"184\" \/><\/center><\/p>\n<h3>c. Commentaires<\/h3>\n<p>__________________________________________________________________________<\/p>\n<p style=\"text-align: justify;\">Cette partie autorise une saisie libre permettant d&rsquo;entrer le nom des personnes et services utiles avec leurs num\u00e9ros de t\u00e9l\u00e9phone ou de fax.<\/p>\n<h2>II. Gestion des marques<\/h2>\n<p>________________________________________________________________________________________________________________________________________________________________________________<\/p>\n<p style=\"text-align: justify;\">La liste des marques est accessible depuis l\u2019<strong>onglet Stock<\/strong> en cliquant sur<strong> Marques et en s\u00e9lectionnant Marques<\/strong>\u00a0:<\/p>\n<p style=\"text-align: justify;\"><img decoding=\"async\" loading=\"lazy\" src=\"http:\/\/prooptic.axess.fr\/wp-content\/uploads\/2018\/06\/menu-marques.png\" alt=\"\" width=\"565\" height=\"148\" \/><\/p>\n<p style=\"text-align: justify;\">Le principe pour les marques est exactement le m\u00eame que pour les distributeurs, il est possible d\u2019ajouter une marque ou de la modifier.<\/p>\n<p style=\"text-align: justify;\">Dans la fiche d\u2019une marque, il est possible de sp\u00e9cifier \u00e0 quel distributeur elle est rattach\u00e9e :<\/p>\n<p style=\"text-align: justify;\"><img decoding=\"async\" loading=\"lazy\" src=\"http:\/\/prooptic.axess.fr\/wp-content\/uploads\/2018\/06\/saisie-dune-marque-1-1030x775.png\" alt=\"\" width=\"710\" height=\"534\" \/><\/p>\n<p style=\"text-align: justify;\">Il est \u00e9galement possible de renseigner des coefficients, remise et frais fixe en fonction d\u2019une famille d\u2019article et pour une tranche de prix d\u2019achat donn\u00e9e ce qui permettra de calculer automatiquement un prix de vente lors de la cr\u00e9ation d\u2019un article de cette marque.<\/p>\n<p><img decoding=\"async\" loading=\"lazy\" src=\"http:\/\/prooptic.axess.fr\/wp-content\/uploads\/2018\/06\/ajout-coefficients.png\" alt=\"\" width=\"593\" height=\"151\" \/><\/p>\n<p style=\"text-align: justify;\"><img decoding=\"async\" loading=\"lazy\" src=\"http:\/\/prooptic.axess.fr\/wp-content\/uploads\/2018\/06\/saisie-coefficients.png\" alt=\"\" width=\"573\" height=\"263\" \/><\/p>\n","protected":false},"excerpt":{"rendered":"<p>I. Gestion des distributeurs ________________________________________________________________________________________________________________________________________________________________________________ La liste des distributeurs est accessible depuis l\u2019onglet Stock en cliquant sur Marques et en s\u00e9lectionnant Distributeurs\u00a0: a. Fiche descriptive __________________________________________________________________________ La liste des distributeurs appara\u00eet. Il est possible de visualiser la liste des Marques associ\u00e9es \u00e0 un distributeur et \u00e9ventuellement cr\u00e9er une nouvelle marque pour ce distributeur un cliquant &hellip; <a href=\"https:\/\/prooptic.axess.fr\/?page_id=98\" class=\"more-link\">Continuer la lecture de <span class=\"screen-reader-text\">Distributeurs et marques<\/span><\/a><\/p>\n","protected":false},"author":1,"featured_media":0,"parent":94,"menu_order":0,"comment_status":"closed","ping_status":"open","template":"","meta":[],"_links":{"self":[{"href":"https:\/\/prooptic.axess.fr\/index.php?rest_route=\/wp\/v2\/pages\/98"}],"collection":[{"href":"https:\/\/prooptic.axess.fr\/index.php?rest_route=\/wp\/v2\/pages"}],"about":[{"href":"https:\/\/prooptic.axess.fr\/index.php?rest_route=\/wp\/v2\/types\/page"}],"author":[{"embeddable":true,"href":"https:\/\/prooptic.axess.fr\/index.php?rest_route=\/wp\/v2\/users\/1"}],"replies":[{"embeddable":true,"href":"https:\/\/prooptic.axess.fr\/index.php?rest_route=%2Fwp%2Fv2%2Fcomments&post=98"}],"version-history":[{"count":0,"href":"https:\/\/prooptic.axess.fr\/index.php?rest_route=\/wp\/v2\/pages\/98\/revisions"}],"up":[{"embeddable":true,"href":"https:\/\/prooptic.axess.fr\/index.php?rest_route=\/wp\/v2\/pages\/94"}],"wp:attachment":[{"href":"https:\/\/prooptic.axess.fr\/index.php?rest_route=%2Fwp%2Fv2%2Fmedia&parent=98"}],"curies":[{"name":"wp","href":"https:\/\/api.w.org\/{rel}","templated":true}]}}